{"id":1370,"date":"2020-01-02T09:28:08","date_gmt":"2020-01-02T09:28:08","guid":{"rendered":"http:\/\/wpdemo.archiwp.com\/engitech\/?page_id=1370"},"modified":"2025-11-24T08:01:55","modified_gmt":"2025-11-24T08:01:55","slug":"ikinci-teknoloji-donanim-ve-yazilimlari","status":"publish","type":"page","link":"https:\/\/www.ikinciteknoloji.com\/index.php\/ikinci-teknoloji-donanim-ve-yazilimlari\/","title":{"rendered":"\u0130leti\u015fim"},"content":{"rendered":"\t\t<div data-elementor-type=\"wp-page\" data-elementor-id=\"1370\" class=\"elementor elementor-1370\">\n\t\t\t\t\t\t<section class=\"elementor-section elementor-top-section elementor-element elementor-element-8c1b6b2 elementor-section-content-middle ot-traditional elementor-section-boxed elementor-section-height-default elementor-section-height-default\" data-id=\"8c1b6b2\" data-element_type=\"section\" data-e-type=\"section\">\n\t\t\t\t\t\t<div class=\"elementor-container elementor-column-gap-extended\">\n\t\t\t\t\t<div class=\"elementor-column elementor-col-50 elementor-top-column elementor-element elementor-element-8416bc3 ot-flex-column-vertical\" data-id=\"8416bc3\" data-element_type=\"column\" data-e-type=\"column\">\n\t\t\t<div class=\"elementor-widget-wrap elementor-element-populated\">\n\t\t\t\t\t\t<div class=\"elementor-element elementor-element-d735292 elementor-widget elementor-widget-iheading\" data-id=\"d735292\" data-element_type=\"widget\" data-e-type=\"widget\" data-widget_type=\"iheading.default\">\n\t\t\t\t<div class=\"elementor-widget-container\">\n\t\t\t\t\t\t\t<div class=\"ot-heading\">\r\n\t        \t            <span>\/\/\u0130K\u0130NC\u0130 TEKNOLOJ\u0130<\/span>\r\n\t        <h2 class=\"main-heading\">\u0130leti\u015fim Bilgilerimiz<\/h2>\t    <\/div>\r\n\t    \t\t\t\t<\/div>\n\t\t\t\t<\/div>\n\t\t\t\t<div class=\"elementor-element elementor-element-d1b9e95 elementor-widget elementor-widget-text-editor\" data-id=\"d1b9e95\" data-element_type=\"widget\" data-e-type=\"widget\" data-widget_type=\"text-editor.default\">\n\t\t\t\t<div class=\"elementor-widget-container\">\n\t\t\t\t\t\t\t\t\t<p>\u0130stedi\u011finiz zaman bizi aray\u0131n veya u\u011fray\u0131n; t\u00fcm sorular\u0131n\u0131z\u0131 i\u015f g\u00fcnlerinde 24 saat i\u00e7inde yan\u0131tlamaya \u00e7al\u0131\u015f\u0131yoruz. Sorular\u0131n\u0131z\u0131 yan\u0131tlamaktan mutluluk duyaca\u011f\u0131z.<\/p>\t\t\t\t\t\t\t\t<\/div>\n\t\t\t\t<\/div>\n\t\t\t\t<div class=\"elementor-element elementor-element-b59a336 elementor-widget elementor-widget-icontact_info\" data-id=\"b59a336\" data-element_type=\"widget\" data-e-type=\"widget\" data-widget_type=\"icontact_info.default\">\n\t\t\t\t<div class=\"elementor-widget-container\">\n\t\t\t\t\t\t\t\t\t\t    \t<div class=\"contact-info box-style1\">\r\n\t\t\t\t\t\t\t\t    \t\t        <i class=\"flaticon-world-globe\"><\/i>\t\t\t        <div class=\"info-text\">\r\n\t\t\t        \t<h6>Adres:<\/h6>\r\n\t\t\t        \t<p>Osmangazi Mh. Esen Cd. No:60-62A Esenyurt \/ \u0130stanbul<\/p>\r\n\t\t\t        <\/div>\r\n\t\t\t    <\/div>\r\n\t\t    \t    \t\t\t\t<\/div>\n\t\t\t\t<\/div>\n\t\t\t\t<div class=\"elementor-element elementor-element-4c90f57 elementor-widget elementor-widget-icontact_info\" data-id=\"4c90f57\" data-element_type=\"widget\" data-e-type=\"widget\" data-widget_type=\"icontact_info.default\">\n\t\t\t\t<div class=\"elementor-widget-container\">\n\t\t\t\t\t\t\t\t\t\t    \t<div class=\"contact-info box-style1\">\r\n\t\t\t\t\t\t\t\t    \t\t        <i class=\"flaticon-envelope\"><\/i>\t\t\t        <div class=\"info-text\">\r\n\t\t\t        \t<h6>E-Mail<\/h6>\r\n\t\t\t        \t<p>info@ikincibilgisayar.com<br>ishak@ikincibilgisayar.com<\/p>\r\n\t\t\t        <\/div>\r\n\t\t\t    <\/div>\r\n\t\t    \t    \t\t\t\t<\/div>\n\t\t\t\t<\/div>\n\t\t\t\t<div class=\"elementor-element elementor-element-a59e635 elementor-widget elementor-widget-icontact_info\" data-id=\"a59e635\" data-element_type=\"widget\" data-e-type=\"widget\" data-widget_type=\"icontact_info.default\">\n\t\t\t\t<div class=\"elementor-widget-container\">\n\t\t\t\t\t\t\t\t\t\t    \t<div class=\"contact-info box-style1\">\r\n\t\t\t\t\t\t\t\t    \t\t        <i class=\"flaticon-phone-1\"><\/i>\t\t\t        <div class=\"info-text\">\r\n\t\t\t        \t<h6>Telefon:<\/h6>\r\n\t\t\t        \t<p>0850 766 02 02 <br> 0506 541 85 17<\/p>\r\n\t\t\t        <\/div>\r\n\t\t\t    <\/div>\r\n\t\t    \t    \t\t\t\t<\/div>\n\t\t\t\t<\/div>\n\t\t\t\t\t<\/div>\n\t\t<\/div>\n\t\t\t\t<div class=\"elementor-column elementor-col-50 elementor-top-column elementor-element elementor-element-add1e18 ot-flex-column-vertical\" data-id=\"add1e18\" data-element_type=\"column\" data-e-type=\"column\">\n\t\t\t<div class=\"elementor-widget-wrap elementor-element-populated\">\n\t\t\t\t\t\t<div class=\"elementor-element elementor-element-5c60825 elementor-widget elementor-widget-shortcode\" data-id=\"5c60825\" data-element_type=\"widget\" data-e-type=\"widget\" data-widget_type=\"shortcode.default\">\n\t\t\t\t<div class=\"elementor-widget-container\">\n\t\t\t\t\t\t\t<div class=\"elementor-shortcode\">\n<div class=\"wpcf7 no-js\" id=\"wpcf7-f1379-o1\" lang=\"en-US\" dir=\"ltr\" data-wpcf7-id=\"1379\">\n<div class=\"screen-reader-response\"><p role=\"status\" aria-live=\"polite\" aria-atomic=\"true\"><\/p> <ul><\/ul><\/div>\n<form action=\"\/index.php\/wp-json\/wp\/v2\/pages\/1370#wpcf7-f1379-o1\" method=\"post\" class=\"wpcf7-form init\" aria-label=\"Contact form\" novalidate=\"novalidate\" data-status=\"init\">\n<fieldset class=\"hidden-fields-container\"><input type=\"hidden\" name=\"_wpcf7\" value=\"1379\" \/><input type=\"hidden\" name=\"_wpcf7_version\" value=\"6.1.5\" \/><input type=\"hidden\" name=\"_wpcf7_locale\" value=\"en_US\" \/><input type=\"hidden\" name=\"_wpcf7_unit_tag\" value=\"wpcf7-f1379-o1\" \/><input type=\"hidden\" name=\"_wpcf7_container_post\" value=\"0\" \/><input type=\"hidden\" name=\"_wpcf7_posted_data_hash\" value=\"\" \/>\n<\/fieldset>\n<div class=\"main-form\">\n\t<h2>Ba\u015flamaya haz\u0131r m\u0131s\u0131n ?\n\t<\/h2>\n\t<p class=\"font14\">E-posta hesab\u0131n\u0131z yay\u0131mlanmayacak. Gerekli alanlar i\u015faretlendi *\n\t<\/p>\n\t<p><span class=\"wpcf7-form-control-wrap\" data-name=\"your-name\"><input size=\"40\" maxlength=\"400\" class=\"wpcf7-form-control wpcf7-text wpcf7-validates-as-required\" aria-required=\"true\" aria-invalid=\"false\" placeholder=\"\u0130sim *\" value=\"\" type=\"text\" name=\"your-name\" \/><\/span>\n\t<\/p>\n\t<p><span class=\"wpcf7-form-control-wrap\" data-name=\"your-email\"><input size=\"40\" maxlength=\"400\" class=\"wpcf7-form-control wpcf7-email wpcf7-validates-as-required wpcf7-text wpcf7-validates-as-email\" aria-required=\"true\" aria-invalid=\"false\" placeholder=\"E-Mail *\" value=\"\" type=\"email\" name=\"your-email\" \/><\/span>\n\t<\/p>\n\t<p><span class=\"wpcf7-form-control-wrap\" data-name=\"your-message\"><textarea cols=\"40\" rows=\"10\" maxlength=\"2000\" class=\"wpcf7-form-control wpcf7-textarea\" aria-invalid=\"false\" placeholder=\"Mesaj\u0131n\u0131z...\" name=\"your-message\"><\/textarea><\/span>\n\t<\/p>\n\t<p><button type=\"submit\" class=\"octf-btn octf-btn-light\">G\u00f6nder<\/button>\n\t<\/p>\n<\/div><p style=\"display: none !important;\" class=\"akismet-fields-container\" data-prefix=\"_wpcf7_ak_\"><label>&#916;<textarea name=\"_wpcf7_ak_hp_textarea\" cols=\"45\" rows=\"8\" maxlength=\"100\"><\/textarea><\/label><input type=\"hidden\" id=\"ak_js_1\" name=\"_wpcf7_ak_js\" value=\"249\"\/><script>document.getElementById( \"ak_js_1\" ).setAttribute( \"value\", ( new Date() ).getTime() );<\/script><\/p><div class=\"wpcf7-response-output\" aria-hidden=\"true\"><\/div>\n<\/form>\n<\/div>\n<\/div>\n\t\t\t\t\t\t<\/div>\n\t\t\t\t<\/div>\n\t\t\t\t\t<\/div>\n\t\t<\/div>\n\t\t\t\t\t<\/div>\n\t\t<\/section>\n\t\t\t\t<section class=\"elementor-section elementor-top-section elementor-element elementor-element-aba0bc8 elementor-section-full_width ot-traditional elementor-section-height-default elementor-section-height-default\" data-id=\"aba0bc8\" data-element_type=\"section\" data-e-type=\"section\">\n\t\t\t\t\t\t<div class=\"elementor-container elementor-column-gap-default\">\n\t\t\t\t\t<div class=\"elementor-column elementor-col-100 elementor-top-column elementor-element elementor-element-aa84c84 ot-flex-column-vertical\" data-id=\"aa84c84\" data-element_type=\"column\" data-e-type=\"column\">\n\t\t\t<div class=\"elementor-widget-wrap elementor-element-populated\">\n\t\t\t\t\t\t<div class=\"elementor-element elementor-element-1952363 elementor-widget elementor-widget-google_maps\" data-id=\"1952363\" data-element_type=\"widget\" data-e-type=\"widget\" data-widget_type=\"google_maps.default\">\n\t\t\t\t<div class=\"elementor-widget-container\">\n\t\t\t\t\t\t\t<div class=\"elementor-custom-embed\">\n\t\t\t<iframe loading=\"lazy\"\n\t\t\t\t\tsrc=\"https:\/\/maps.google.com\/maps?q=%C4%B0kinci%20Teknoloji&#038;t=m&#038;z=13&#038;output=embed&#038;iwloc=near\"\n\t\t\t\t\ttitle=\"\u0130kinci Teknoloji\"\n\t\t\t\t\taria-label=\"\u0130kinci Teknoloji\"\n\t\t\t><\/iframe>\n\t\t<\/div>\n\t\t\t\t\t\t<\/div>\n\t\t\t\t<\/div>\n\t\t\t\t\t<\/div>\n\t\t<\/div>\n\t\t\t\t\t<\/div>\n\t\t<\/section>\n\t\t\t\t<\/div>\n\t\t","protected":false},"excerpt":{"rendered":"<p>\/\/\u0130K\u0130NC\u0130 TEKNOLOJ\u0130 \u0130leti\u015fim Bilgilerimiz \u0130stedi\u011finiz zaman bizi aray\u0131n veya u\u011fray\u0131n; t\u00fcm sorular\u0131n\u0131z\u0131 i\u015f g\u00fcnlerinde 24 saat i\u00e7inde yan\u0131tlamaya \u00e7al\u0131\u015f\u0131yoruz. Sorular\u0131n\u0131z\u0131 yan\u0131tlamaktan mutluluk duyaca\u011f\u0131z. Adres: Osmangazi Mh. Esen Cd. No:60-62A Esenyurt \/ \u0130stanbul E-Mail info@ikincibilgisayar.comishak@ikincibilgisayar.com Telefon: 0850 766 02 02 0506 541 85 17<\/p>\n","protected":false},"author":1,"featured_media":0,"parent":0,"menu_order":0,"comment_status":"closed","ping_status":"closed","template":"","meta":{"googlesitekit_rrm_CAow5vTCDA:productID":"","footnotes":""},"class_list":["post-1370","page","type-page","status-publish","hentry"],"yoast_head":"<!-- This site is optimized with the Yoast SEO plugin v27.2 - https:\/\/yoast.com\/product\/yoast-seo-wordpress\/ -->\n<title>\u0130leti\u015fim - \u0130kinci Teknoloji<\/title>\n<meta name=\"description\" content=\"Dan\u0131\u015fmanl\u0131k ve projelendirme, bak\u0131m ve destek, sistem kurulum ve entegrasyon, network kurulum ve konfig\u00fcrasyon alanlar\u0131nda hizmet vermekteyiz.\" \/>\n<meta name=\"robots\" content=\"index, follow, max-snippet:-1, max-image-preview:large, max-video-preview:-1\" \/>\n<link rel=\"canonical\" href=\"https:\/\/www.ikinciteknoloji.com\/index.php\/ikinci-teknoloji-donanim-ve-yazilimlari\/\" \/>\n<meta property=\"og:locale\" content=\"tr_TR\" \/>\n<meta property=\"og:type\" content=\"article\" \/>\n<meta property=\"og:title\" content=\"\u0130leti\u015fim - \u0130kinci Teknoloji\" \/>\n<meta property=\"og:description\" content=\"Dan\u0131\u015fmanl\u0131k ve projelendirme, bak\u0131m ve destek, sistem kurulum ve entegrasyon, network kurulum ve konfig\u00fcrasyon alanlar\u0131nda hizmet vermekteyiz.\" \/>\n<meta property=\"og:url\" content=\"https:\/\/www.ikinciteknoloji.com\/index.php\/ikinci-teknoloji-donanim-ve-yazilimlari\/\" \/>\n<meta property=\"og:site_name\" content=\"\u0130kinci Teknoloji\" \/>\n<meta property=\"article:publisher\" content=\"https:\/\/www.facebook.com\/ikinciteknoloji\" \/>\n<meta property=\"article:modified_time\" content=\"2025-11-24T08:01:55+00:00\" \/>\n<meta name=\"twitter:card\" content=\"summary_large_image\" \/>\n<meta name=\"twitter:label1\" content=\"Tahmini okuma s\u00fcresi\" \/>\n\t<meta name=\"twitter:data1\" content=\"1 dakika\" \/>\n<script type=\"application\/ld+json\" class=\"yoast-schema-graph\">{\"@context\":\"https:\/\/schema.org\",\"@graph\":[{\"@type\":\"WebPage\",\"@id\":\"https:\/\/www.ikinciteknoloji.com\/index.php\/ikinci-teknoloji-donanim-ve-yazilimlari\/\",\"url\":\"https:\/\/www.ikinciteknoloji.com\/index.php\/ikinci-teknoloji-donanim-ve-yazilimlari\/\",\"name\":\"\u0130leti\u015fim - \u0130kinci Teknoloji\",\"isPartOf\":{\"@id\":\"https:\/\/www.ikinciteknoloji.com\/#website\"},\"datePublished\":\"2020-01-02T09:28:08+00:00\",\"dateModified\":\"2025-11-24T08:01:55+00:00\",\"description\":\"Dan\u0131\u015fmanl\u0131k ve projelendirme, bak\u0131m ve destek, sistem kurulum ve entegrasyon, network kurulum ve konfig\u00fcrasyon alanlar\u0131nda hizmet vermekteyiz.\",\"breadcrumb\":{\"@id\":\"https:\/\/www.ikinciteknoloji.com\/index.php\/ikinci-teknoloji-donanim-ve-yazilimlari\/#breadcrumb\"},\"inLanguage\":\"tr\",\"potentialAction\":[{\"@type\":\"ReadAction\",\"target\":[\"https:\/\/www.ikinciteknoloji.com\/index.php\/ikinci-teknoloji-donanim-ve-yazilimlari\/\"]}]},{\"@type\":\"BreadcrumbList\",\"@id\":\"https:\/\/www.ikinciteknoloji.com\/index.php\/ikinci-teknoloji-donanim-ve-yazilimlari\/#breadcrumb\",\"itemListElement\":[{\"@type\":\"ListItem\",\"position\":1,\"name\":\"Anasayfa\",\"item\":\"https:\/\/www.ikinciteknoloji.com\/\"},{\"@type\":\"ListItem\",\"position\":2,\"name\":\"\u0130leti\u015fim\"}]},{\"@type\":\"WebSite\",\"@id\":\"https:\/\/www.ikinciteknoloji.com\/#website\",\"url\":\"https:\/\/www.ikinciteknoloji.com\/\",\"name\":\"\u0130kinci Teknoloji\",\"description\":\"Donan\u0131m ve Yaz\u0131l\u0131m Hizmetleri\",\"publisher\":{\"@id\":\"https:\/\/www.ikinciteknoloji.com\/#organization\"},\"potentialAction\":[{\"@type\":\"SearchAction\",\"target\":{\"@type\":\"EntryPoint\",\"urlTemplate\":\"https:\/\/www.ikinciteknoloji.com\/?s={search_term_string}\"},\"query-input\":{\"@type\":\"PropertyValueSpecification\",\"valueRequired\":true,\"valueName\":\"search_term_string\"}}],\"inLanguage\":\"tr\"},{\"@type\":\"Organization\",\"@id\":\"https:\/\/www.ikinciteknoloji.com\/#organization\",\"name\":\"\u0130kinci Teknoloji\",\"url\":\"https:\/\/www.ikinciteknoloji.com\/\",\"logo\":{\"@type\":\"ImageObject\",\"inLanguage\":\"tr\",\"@id\":\"https:\/\/www.ikinciteknoloji.com\/#\/schema\/logo\/image\/\",\"url\":\"https:\/\/www.ikinciteknoloji.com\/wp-content\/uploads\/2019\/12\/ikinci-teknoloji-2.png\",\"contentUrl\":\"https:\/\/www.ikinciteknoloji.com\/wp-content\/uploads\/2019\/12\/ikinci-teknoloji-2.png\",\"width\":4961,\"height\":3508,\"caption\":\"\u0130kinci Teknoloji\"},\"image\":{\"@id\":\"https:\/\/www.ikinciteknoloji.com\/#\/schema\/logo\/image\/\"},\"sameAs\":[\"https:\/\/www.facebook.com\/ikinciteknoloji\",\"https:\/\/www.instagram.com\/ikinciteknoloji\/\"]}]}<\/script>\n<!-- \/ Yoast SEO plugin. -->","yoast_head_json":{"title":"\u0130leti\u015fim - \u0130kinci Teknoloji","description":"Dan\u0131\u015fmanl\u0131k ve projelendirme, bak\u0131m ve destek, sistem kurulum ve entegrasyon, network kurulum ve konfig\u00fcrasyon alanlar\u0131nda hizmet vermekteyiz.","robots":{"index":"index","follow":"follow","max-snippet":"max-snippet:-1","max-image-preview":"max-image-preview:large","max-video-preview":"max-video-preview:-1"},"canonical":"https:\/\/www.ikinciteknoloji.com\/index.php\/ikinci-teknoloji-donanim-ve-yazilimlari\/","og_locale":"tr_TR","og_type":"article","og_title":"\u0130leti\u015fim - \u0130kinci Teknoloji","og_description":"Dan\u0131\u015fmanl\u0131k ve projelendirme, bak\u0131m ve destek, sistem kurulum ve entegrasyon, network kurulum ve konfig\u00fcrasyon alanlar\u0131nda hizmet vermekteyiz.","og_url":"https:\/\/www.ikinciteknoloji.com\/index.php\/ikinci-teknoloji-donanim-ve-yazilimlari\/","og_site_name":"\u0130kinci Teknoloji","article_publisher":"https:\/\/www.facebook.com\/ikinciteknoloji","article_modified_time":"2025-11-24T08:01:55+00:00","twitter_card":"summary_large_image","twitter_misc":{"Tahmini okuma s\u00fcresi":"1 dakika"},"schema":{"@context":"https:\/\/schema.org","@graph":[{"@type":"WebPage","@id":"https:\/\/www.ikinciteknoloji.com\/index.php\/ikinci-teknoloji-donanim-ve-yazilimlari\/","url":"https:\/\/www.ikinciteknoloji.com\/index.php\/ikinci-teknoloji-donanim-ve-yazilimlari\/","name":"\u0130leti\u015fim - \u0130kinci Teknoloji","isPartOf":{"@id":"https:\/\/www.ikinciteknoloji.com\/#website"},"datePublished":"2020-01-02T09:28:08+00:00","dateModified":"2025-11-24T08:01:55+00:00","description":"Dan\u0131\u015fmanl\u0131k ve projelendirme, bak\u0131m ve destek, sistem kurulum ve entegrasyon, network kurulum ve konfig\u00fcrasyon alanlar\u0131nda hizmet vermekteyiz.","breadcrumb":{"@id":"https:\/\/www.ikinciteknoloji.com\/index.php\/ikinci-teknoloji-donanim-ve-yazilimlari\/#breadcrumb"},"inLanguage":"tr","potentialAction":[{"@type":"ReadAction","target":["https:\/\/www.ikinciteknoloji.com\/index.php\/ikinci-teknoloji-donanim-ve-yazilimlari\/"]}]},{"@type":"BreadcrumbList","@id":"https:\/\/www.ikinciteknoloji.com\/index.php\/ikinci-teknoloji-donanim-ve-yazilimlari\/#breadcrumb","itemListElement":[{"@type":"ListItem","position":1,"name":"Anasayfa","item":"https:\/\/www.ikinciteknoloji.com\/"},{"@type":"ListItem","position":2,"name":"\u0130leti\u015fim"}]},{"@type":"WebSite","@id":"https:\/\/www.ikinciteknoloji.com\/#website","url":"https:\/\/www.ikinciteknoloji.com\/","name":"\u0130kinci Teknoloji","description":"Donan\u0131m ve Yaz\u0131l\u0131m Hizmetleri","publisher":{"@id":"https:\/\/www.ikinciteknoloji.com\/#organization"},"potentialAction":[{"@type":"SearchAction","target":{"@type":"EntryPoint","urlTemplate":"https:\/\/www.ikinciteknoloji.com\/?s={search_term_string}"},"query-input":{"@type":"PropertyValueSpecification","valueRequired":true,"valueName":"search_term_string"}}],"inLanguage":"tr"},{"@type":"Organization","@id":"https:\/\/www.ikinciteknoloji.com\/#organization","name":"\u0130kinci Teknoloji","url":"https:\/\/www.ikinciteknoloji.com\/","logo":{"@type":"ImageObject","inLanguage":"tr","@id":"https:\/\/www.ikinciteknoloji.com\/#\/schema\/logo\/image\/","url":"https:\/\/www.ikinciteknoloji.com\/wp-content\/uploads\/2019\/12\/ikinci-teknoloji-2.png","contentUrl":"https:\/\/www.ikinciteknoloji.com\/wp-content\/uploads\/2019\/12\/ikinci-teknoloji-2.png","width":4961,"height":3508,"caption":"\u0130kinci Teknoloji"},"image":{"@id":"https:\/\/www.ikinciteknoloji.com\/#\/schema\/logo\/image\/"},"sameAs":["https:\/\/www.facebook.com\/ikinciteknoloji","https:\/\/www.instagram.com\/ikinciteknoloji\/"]}]}},"jetpack_sharing_enabled":true,"_links":{"self":[{"href":"https:\/\/www.ikinciteknoloji.com\/index.php\/wp-json\/wp\/v2\/pages\/1370","targetHints":{"allow":["GET"]}}],"collection":[{"href":"https:\/\/www.ikinciteknoloji.com\/index.php\/wp-json\/wp\/v2\/pages"}],"about":[{"href":"https:\/\/www.ikinciteknoloji.com\/index.php\/wp-json\/wp\/v2\/types\/page"}],"author":[{"embeddable":true,"href":"https:\/\/www.ikinciteknoloji.com\/index.php\/wp-json\/wp\/v2\/users\/1"}],"replies":[{"embeddable":true,"href":"https:\/\/www.ikinciteknoloji.com\/index.php\/wp-json\/wp\/v2\/comments?post=1370"}],"version-history":[{"count":4,"href":"https:\/\/www.ikinciteknoloji.com\/index.php\/wp-json\/wp\/v2\/pages\/1370\/revisions"}],"predecessor-version":[{"id":5442,"href":"https:\/\/www.ikinciteknoloji.com\/index.php\/wp-json\/wp\/v2\/pages\/1370\/revisions\/5442"}],"wp:attachment":[{"href":"https:\/\/www.ikinciteknoloji.com\/index.php\/wp-json\/wp\/v2\/media?parent=1370"}],"curies":[{"name":"wp","href":"https:\/\/api.w.org\/{rel}","templated":true}]}}