{"id":5479,"date":"2024-02-26T12:12:31","date_gmt":"2024-02-26T12:12:31","guid":{"rendered":"https:\/\/www.ikinciteknoloji.com\/?page_id=5479"},"modified":"2025-11-24T08:37:04","modified_gmt":"2025-11-24T08:37:04","slug":"danismanlik-ve-projelendirme","status":"publish","type":"page","link":"https:\/\/www.ikinciteknoloji.com\/index.php\/danismanlik-ve-projelendirme\/","title":{"rendered":"Dan\u0131\u015fmanl\u0131k ve Projelendirme"},"content":{"rendered":"\t\t<div data-elementor-type=\"wp-page\" data-elementor-id=\"5479\" class=\"elementor elementor-5479\">\n\t\t\t\t<div class=\"elementor-element elementor-element-2e9fbcf e-flex e-con-boxed e-con e-parent\" data-id=\"2e9fbcf\" data-element_type=\"container\" data-e-type=\"container\">\n\t\t\t\t\t<div class=\"e-con-inner\">\n\t\t\t\t<div class=\"elementor-element elementor-element-58adffb elementor-widget elementor-widget-text-editor\" data-id=\"58adffb\" data-element_type=\"widget\" data-e-type=\"widget\" data-widget_type=\"text-editor.default\">\n\t\t\t\t<div class=\"elementor-widget-container\">\n\t\t\t\t\t\t\t\t\t<p>\u00a0<\/p><h2>Fark Yaratan \u00c7\u00f6z\u00fcmler<\/h2><p><strong>\u0130kinci Teknoloji,<\/strong> yeni nesil teknolojileri hayata ge\u00e7irebilen, alan\u0131nda lider i\u015f ortaklar\u0131yla uygun \u00e7\u00f6z\u00fcmleri yaratarak; kurum ve kurulu\u015flar\u0131n BT altyap\u0131lar\u0131n\u0131 daha etkili kullanma ve operasyonel verimlili\u011fi art\u0131rma olanaklar\u0131 sa\u011flamaktad\u0131r. Analiz, planlama, optimizasyon, kurulum\/entegrasyon ve sorun giderme gibi u\u00e7tan uca hizmetler sunmaktad\u0131r.<\/p><p>BT dan\u0131\u015fmanl\u0131k hizmetleri ile maliyetlerde azalma, hizmet kalitesinde y\u00fckselme, temel faaliyet alan\u0131na odaklanma, g\u00fcn\u00fcm\u00fcz altyap\u0131 ve uygulamalar\u0131na ge\u00e7i\u015f ve d\u00f6n\u00fc\u015f\u00fcmde h\u0131z ve esneklik; m\u00fc\u015fteri memnuniyetini art\u0131rma gibi kurumsal yap\u0131y\u0131 g\u00fc\u00e7lendiren faydal\u0131 hizmetler sunmaktad\u0131r.<\/p><p><strong>\u0130kinci Teknoloji,<\/strong> bili\u015fim g\u00fcvenli\u011fi, sanalla\u015ft\u0131rma, network, veri depolama, veri yedekleme, bulut sistemleri, veri merkezi ve ileti\u015fim altyap\u0131lar\u0131 alanlar\u0131nda projelendirme ve dan\u0131\u015fmanl\u0131k hizmetleri vermektedir.<strong> \u0130kinci Teknoloji,<\/strong> firmalar\u0131n projelendirme s\u00fcrecinde; teknolojik altyap\u0131 ve bilgi teknolojileri gereksinimlerinin saptanmas\u0131, beklenti ve ihtiya\u00e7lara uygun \u015fekilde \u00e7\u00f6z\u00fcmlerin tan\u0131mlanmas\u0131, bu \u00e7\u00f6z\u00fcmlerin donan\u0131m ve yaz\u0131l\u0131m bile\u015fenleri ile uygulama ve devreye alma s\u00fcre\u00e7lerinin belirlenmesi ve t\u00fcm bu s\u00fcre\u00e7lerin ulusal ve uluslararas\u0131 standartlara uygunlu\u011funun denetlenmesine y\u00f6nelik dan\u0131\u015fmanl\u0131k ve projelendirme hizmeti sunmaktad\u0131r.<\/p>\t\t\t\t\t\t\t\t<\/div>\n\t\t\t\t<\/div>\n\t\t\t\t<div class=\"elementor-element elementor-element-4ff8cde elementor-align-center elementor-widget elementor-widget-ibutton\" data-id=\"4ff8cde\" data-element_type=\"widget\" data-e-type=\"widget\" data-widget_type=\"ibutton.default\">\n\t\t\t\t<div class=\"elementor-widget-container\">\n\t\t\t\t\t\t\t<div class=\"ot-button\">\r\n\t\t\t<a href=\"#\" class=\"octf-btn octf-btn-primary\">Teklif Al\u0131n<\/a>\r\n\t    <\/div>\r\n\t    \t\t\t\t<\/div>\n\t\t\t\t<\/div>\n\t\t<div class=\"elementor-element elementor-element-02cc95a e-flex e-con-boxed e-con e-child\" data-id=\"02cc95a\" data-element_type=\"container\" data-e-type=\"container\">\n\t\t\t\t\t<div class=\"e-con-inner\">\n\t\t\t\t\t<\/div>\n\t\t\t\t<\/div>\n\t\t\t\t\t<\/div>\n\t\t\t\t<\/div>\n\t\t\t\t<\/div>\n\t\t","protected":false},"excerpt":{"rendered":"<p>\u00a0 Fark Yaratan \u00c7\u00f6z\u00fcmler \u0130kinci Teknoloji, yeni nesil teknolojileri hayata ge\u00e7irebilen, alan\u0131nda lider i\u015f ortaklar\u0131yla uygun \u00e7\u00f6z\u00fcmleri yaratarak; kurum ve kurulu\u015flar\u0131n BT altyap\u0131lar\u0131n\u0131 daha etkili kullanma ve operasyonel verimlili\u011fi art\u0131rma olanaklar\u0131 sa\u011flamaktad\u0131r. Analiz, planlama, optimizasyon, kurulum\/entegrasyon ve sorun giderme gibi u\u00e7tan uca hizmetler sunmaktad\u0131r. BT dan\u0131\u015fmanl\u0131k hizmetleri ile maliyetlerde azalma, hizmet kalitesinde y\u00fckselme, temel faaliyet [&hellip;]<\/p>\n","protected":false},"author":1,"featured_media":0,"parent":0,"menu_order":0,"comment_status":"closed","ping_status":"closed","template":"","meta":{"googlesitekit_rrm_CAow5vTCDA:productID":"","footnotes":""},"class_list":["post-5479","page","type-page","status-publish","hentry"],"yoast_head":"<!-- This site is optimized with the Yoast SEO plugin v27.2 - https:\/\/yoast.com\/product\/yoast-seo-wordpress\/ -->\n<title>Dan\u0131\u015fmanl\u0131k ve Projelendirme - \u0130kinci Teknoloji<\/title>\n<meta name=\"description\" content=\"BT dan\u0131\u015fmanl\u0131k hizmetleri ile maliyetlerde azalma, hizmet kalitesinde y\u00fckselme, temel faaliyet alan\u0131na odaklanma, g\u00fcn\u00fcm\u00fcz altyap\u0131 ve uygulamalar\u0131na ge\u00e7i\u015f ve d\u00f6n\u00fc\u015f\u00fcmde h\u0131z ve esneklik; m\u00fc\u015fteri memnuniyetini art\u0131rma gibi kurumsal yap\u0131y\u0131 g\u00fc\u00e7lendiren faydal\u0131 hizmetler sunmaktad\u0131r.\" \/>\n<meta name=\"robots\" content=\"index, follow, max-snippet:-1, max-image-preview:large, max-video-preview:-1\" \/>\n<link rel=\"canonical\" href=\"https:\/\/www.ikinciteknoloji.com\/index.php\/danismanlik-ve-projelendirme\/\" \/>\n<meta property=\"og:locale\" content=\"tr_TR\" \/>\n<meta property=\"og:type\" content=\"article\" \/>\n<meta property=\"og:title\" content=\"Dan\u0131\u015fmanl\u0131k ve Projelendirme - \u0130kinci Teknoloji\" \/>\n<meta property=\"og:description\" content=\"BT dan\u0131\u015fmanl\u0131k hizmetleri ile maliyetlerde azalma, hizmet kalitesinde y\u00fckselme, temel faaliyet alan\u0131na odaklanma, g\u00fcn\u00fcm\u00fcz altyap\u0131 ve uygulamalar\u0131na ge\u00e7i\u015f ve d\u00f6n\u00fc\u015f\u00fcmde h\u0131z ve esneklik; m\u00fc\u015fteri memnuniyetini art\u0131rma gibi kurumsal yap\u0131y\u0131 g\u00fc\u00e7lendiren faydal\u0131 hizmetler sunmaktad\u0131r.\" \/>\n<meta property=\"og:url\" content=\"https:\/\/www.ikinciteknoloji.com\/index.php\/danismanlik-ve-projelendirme\/\" \/>\n<meta property=\"og:site_name\" content=\"\u0130kinci Teknoloji\" \/>\n<meta property=\"article:publisher\" content=\"https:\/\/www.facebook.com\/ikinciteknoloji\" \/>\n<meta property=\"article:modified_time\" content=\"2025-11-24T08:37:04+00:00\" \/>\n<meta name=\"twitter:card\" content=\"summary_large_image\" \/>\n<meta name=\"twitter:label1\" content=\"Tahmini okuma s\u00fcresi\" \/>\n\t<meta name=\"twitter:data1\" content=\"1 dakika\" \/>\n<script type=\"application\/ld+json\" class=\"yoast-schema-graph\">{\"@context\":\"https:\/\/schema.org\",\"@graph\":[{\"@type\":\"WebPage\",\"@id\":\"https:\/\/www.ikinciteknoloji.com\/index.php\/danismanlik-ve-projelendirme\/\",\"url\":\"https:\/\/www.ikinciteknoloji.com\/index.php\/danismanlik-ve-projelendirme\/\",\"name\":\"Dan\u0131\u015fmanl\u0131k ve Projelendirme - \u0130kinci Teknoloji\",\"isPartOf\":{\"@id\":\"https:\/\/www.ikinciteknoloji.com\/#website\"},\"datePublished\":\"2024-02-26T12:12:31+00:00\",\"dateModified\":\"2025-11-24T08:37:04+00:00\",\"description\":\"BT dan\u0131\u015fmanl\u0131k hizmetleri ile maliyetlerde azalma, hizmet kalitesinde y\u00fckselme, temel faaliyet alan\u0131na odaklanma, g\u00fcn\u00fcm\u00fcz altyap\u0131 ve uygulamalar\u0131na ge\u00e7i\u015f ve d\u00f6n\u00fc\u015f\u00fcmde h\u0131z ve esneklik; m\u00fc\u015fteri memnuniyetini art\u0131rma gibi kurumsal yap\u0131y\u0131 g\u00fc\u00e7lendiren faydal\u0131 hizmetler sunmaktad\u0131r.\",\"breadcrumb\":{\"@id\":\"https:\/\/www.ikinciteknoloji.com\/index.php\/danismanlik-ve-projelendirme\/#breadcrumb\"},\"inLanguage\":\"tr\",\"potentialAction\":[{\"@type\":\"ReadAction\",\"target\":[\"https:\/\/www.ikinciteknoloji.com\/index.php\/danismanlik-ve-projelendirme\/\"]}]},{\"@type\":\"BreadcrumbList\",\"@id\":\"https:\/\/www.ikinciteknoloji.com\/index.php\/danismanlik-ve-projelendirme\/#breadcrumb\",\"itemListElement\":[{\"@type\":\"ListItem\",\"position\":1,\"name\":\"Anasayfa\",\"item\":\"https:\/\/www.ikinciteknoloji.com\/\"},{\"@type\":\"ListItem\",\"position\":2,\"name\":\"Dan\u0131\u015fmanl\u0131k ve Projelendirme\"}]},{\"@type\":\"WebSite\",\"@id\":\"https:\/\/www.ikinciteknoloji.com\/#website\",\"url\":\"https:\/\/www.ikinciteknoloji.com\/\",\"name\":\"\u0130kinci Teknoloji\",\"description\":\"Donan\u0131m ve Yaz\u0131l\u0131m Hizmetleri\",\"publisher\":{\"@id\":\"https:\/\/www.ikinciteknoloji.com\/#organization\"},\"potentialAction\":[{\"@type\":\"SearchAction\",\"target\":{\"@type\":\"EntryPoint\",\"urlTemplate\":\"https:\/\/www.ikinciteknoloji.com\/?s={search_term_string}\"},\"query-input\":{\"@type\":\"PropertyValueSpecification\",\"valueRequired\":true,\"valueName\":\"search_term_string\"}}],\"inLanguage\":\"tr\"},{\"@type\":\"Organization\",\"@id\":\"https:\/\/www.ikinciteknoloji.com\/#organization\",\"name\":\"\u0130kinci Teknoloji\",\"url\":\"https:\/\/www.ikinciteknoloji.com\/\",\"logo\":{\"@type\":\"ImageObject\",\"inLanguage\":\"tr\",\"@id\":\"https:\/\/www.ikinciteknoloji.com\/#\/schema\/logo\/image\/\",\"url\":\"https:\/\/www.ikinciteknoloji.com\/wp-content\/uploads\/2019\/12\/ikinci-teknoloji-2.png\",\"contentUrl\":\"https:\/\/www.ikinciteknoloji.com\/wp-content\/uploads\/2019\/12\/ikinci-teknoloji-2.png\",\"width\":4961,\"height\":3508,\"caption\":\"\u0130kinci Teknoloji\"},\"image\":{\"@id\":\"https:\/\/www.ikinciteknoloji.com\/#\/schema\/logo\/image\/\"},\"sameAs\":[\"https:\/\/www.facebook.com\/ikinciteknoloji\",\"https:\/\/www.instagram.com\/ikinciteknoloji\/\"]}]}<\/script>\n<!-- \/ Yoast SEO plugin. -->","yoast_head_json":{"title":"Dan\u0131\u015fmanl\u0131k ve Projelendirme - \u0130kinci Teknoloji","description":"BT dan\u0131\u015fmanl\u0131k hizmetleri ile maliyetlerde azalma, hizmet kalitesinde y\u00fckselme, temel faaliyet alan\u0131na odaklanma, g\u00fcn\u00fcm\u00fcz altyap\u0131 ve uygulamalar\u0131na ge\u00e7i\u015f ve d\u00f6n\u00fc\u015f\u00fcmde h\u0131z ve esneklik; m\u00fc\u015fteri memnuniyetini art\u0131rma gibi kurumsal yap\u0131y\u0131 g\u00fc\u00e7lendiren faydal\u0131 hizmetler sunmaktad\u0131r.","robots":{"index":"index","follow":"follow","max-snippet":"max-snippet:-1","max-image-preview":"max-image-preview:large","max-video-preview":"max-video-preview:-1"},"canonical":"https:\/\/www.ikinciteknoloji.com\/index.php\/danismanlik-ve-projelendirme\/","og_locale":"tr_TR","og_type":"article","og_title":"Dan\u0131\u015fmanl\u0131k ve Projelendirme - \u0130kinci Teknoloji","og_description":"BT dan\u0131\u015fmanl\u0131k hizmetleri ile maliyetlerde azalma, hizmet kalitesinde y\u00fckselme, temel faaliyet alan\u0131na odaklanma, g\u00fcn\u00fcm\u00fcz altyap\u0131 ve uygulamalar\u0131na ge\u00e7i\u015f ve d\u00f6n\u00fc\u015f\u00fcmde h\u0131z ve esneklik; m\u00fc\u015fteri memnuniyetini art\u0131rma gibi kurumsal yap\u0131y\u0131 g\u00fc\u00e7lendiren faydal\u0131 hizmetler sunmaktad\u0131r.","og_url":"https:\/\/www.ikinciteknoloji.com\/index.php\/danismanlik-ve-projelendirme\/","og_site_name":"\u0130kinci Teknoloji","article_publisher":"https:\/\/www.facebook.com\/ikinciteknoloji","article_modified_time":"2025-11-24T08:37:04+00:00","twitter_card":"summary_large_image","twitter_misc":{"Tahmini okuma s\u00fcresi":"1 dakika"},"schema":{"@context":"https:\/\/schema.org","@graph":[{"@type":"WebPage","@id":"https:\/\/www.ikinciteknoloji.com\/index.php\/danismanlik-ve-projelendirme\/","url":"https:\/\/www.ikinciteknoloji.com\/index.php\/danismanlik-ve-projelendirme\/","name":"Dan\u0131\u015fmanl\u0131k ve Projelendirme - \u0130kinci Teknoloji","isPartOf":{"@id":"https:\/\/www.ikinciteknoloji.com\/#website"},"datePublished":"2024-02-26T12:12:31+00:00","dateModified":"2025-11-24T08:37:04+00:00","description":"BT dan\u0131\u015fmanl\u0131k hizmetleri ile maliyetlerde azalma, hizmet kalitesinde y\u00fckselme, temel faaliyet alan\u0131na odaklanma, g\u00fcn\u00fcm\u00fcz altyap\u0131 ve uygulamalar\u0131na ge\u00e7i\u015f ve d\u00f6n\u00fc\u015f\u00fcmde h\u0131z ve esneklik; m\u00fc\u015fteri memnuniyetini art\u0131rma gibi kurumsal yap\u0131y\u0131 g\u00fc\u00e7lendiren faydal\u0131 hizmetler sunmaktad\u0131r.","breadcrumb":{"@id":"https:\/\/www.ikinciteknoloji.com\/index.php\/danismanlik-ve-projelendirme\/#breadcrumb"},"inLanguage":"tr","potentialAction":[{"@type":"ReadAction","target":["https:\/\/www.ikinciteknoloji.com\/index.php\/danismanlik-ve-projelendirme\/"]}]},{"@type":"BreadcrumbList","@id":"https:\/\/www.ikinciteknoloji.com\/index.php\/danismanlik-ve-projelendirme\/#breadcrumb","itemListElement":[{"@type":"ListItem","position":1,"name":"Anasayfa","item":"https:\/\/www.ikinciteknoloji.com\/"},{"@type":"ListItem","position":2,"name":"Dan\u0131\u015fmanl\u0131k ve Projelendirme"}]},{"@type":"WebSite","@id":"https:\/\/www.ikinciteknoloji.com\/#website","url":"https:\/\/www.ikinciteknoloji.com\/","name":"\u0130kinci Teknoloji","description":"Donan\u0131m ve Yaz\u0131l\u0131m Hizmetleri","publisher":{"@id":"https:\/\/www.ikinciteknoloji.com\/#organization"},"potentialAction":[{"@type":"SearchAction","target":{"@type":"EntryPoint","urlTemplate":"https:\/\/www.ikinciteknoloji.com\/?s={search_term_string}"},"query-input":{"@type":"PropertyValueSpecification","valueRequired":true,"valueName":"search_term_string"}}],"inLanguage":"tr"},{"@type":"Organization","@id":"https:\/\/www.ikinciteknoloji.com\/#organization","name":"\u0130kinci Teknoloji","url":"https:\/\/www.ikinciteknoloji.com\/","logo":{"@type":"ImageObject","inLanguage":"tr","@id":"https:\/\/www.ikinciteknoloji.com\/#\/schema\/logo\/image\/","url":"https:\/\/www.ikinciteknoloji.com\/wp-content\/uploads\/2019\/12\/ikinci-teknoloji-2.png","contentUrl":"https:\/\/www.ikinciteknoloji.com\/wp-content\/uploads\/2019\/12\/ikinci-teknoloji-2.png","width":4961,"height":3508,"caption":"\u0130kinci Teknoloji"},"image":{"@id":"https:\/\/www.ikinciteknoloji.com\/#\/schema\/logo\/image\/"},"sameAs":["https:\/\/www.facebook.com\/ikinciteknoloji","https:\/\/www.instagram.com\/ikinciteknoloji\/"]}]}},"jetpack_sharing_enabled":true,"_links":{"self":[{"href":"https:\/\/www.ikinciteknoloji.com\/index.php\/wp-json\/wp\/v2\/pages\/5479","targetHints":{"allow":["GET"]}}],"collection":[{"href":"https:\/\/www.ikinciteknoloji.com\/index.php\/wp-json\/wp\/v2\/pages"}],"about":[{"href":"https:\/\/www.ikinciteknoloji.com\/index.php\/wp-json\/wp\/v2\/types\/page"}],"author":[{"embeddable":true,"href":"https:\/\/www.ikinciteknoloji.com\/index.php\/wp-json\/wp\/v2\/users\/1"}],"replies":[{"embeddable":true,"href":"https:\/\/www.ikinciteknoloji.com\/index.php\/wp-json\/wp\/v2\/comments?post=5479"}],"version-history":[{"count":10,"href":"https:\/\/www.ikinciteknoloji.com\/index.php\/wp-json\/wp\/v2\/pages\/5479\/revisions"}],"predecessor-version":[{"id":5490,"href":"https:\/\/www.ikinciteknoloji.com\/index.php\/wp-json\/wp\/v2\/pages\/5479\/revisions\/5490"}],"wp:attachment":[{"href":"https:\/\/www.ikinciteknoloji.com\/index.php\/wp-json\/wp\/v2\/media?parent=5479"}],"curies":[{"name":"wp","href":"https:\/\/api.w.org\/{rel}","templated":true}]}}