{"id":5504,"date":"2024-02-26T12:26:01","date_gmt":"2024-02-26T12:26:01","guid":{"rendered":"https:\/\/www.ikinciteknoloji.com\/?page_id=5504"},"modified":"2025-11-24T08:38:40","modified_gmt":"2025-11-24T08:38:40","slug":"network-kurulum-ve-konfigurasyon","status":"publish","type":"page","link":"https:\/\/www.ikinciteknoloji.com\/index.php\/network-kurulum-ve-konfigurasyon\/","title":{"rendered":"Network Kurulum ve Konfig\u00fcrasyon"},"content":{"rendered":"\t\t<div data-elementor-type=\"wp-page\" data-elementor-id=\"5504\" class=\"elementor elementor-5504\">\n\t\t\t\t<div class=\"elementor-element elementor-element-feceade e-flex e-con-boxed e-con e-parent\" data-id=\"feceade\" data-element_type=\"container\" data-e-type=\"container\">\n\t\t\t\t\t<div class=\"e-con-inner\">\n\t\t\t\t<div class=\"elementor-element elementor-element-6d8eb00 elementor-widget elementor-widget-text-editor\" data-id=\"6d8eb00\" data-element_type=\"widget\" data-e-type=\"widget\" data-widget_type=\"text-editor.default\">\n\t\t\t\t<div class=\"elementor-widget-container\">\n\t\t\t\t\t\t\t\t\t<p>\u00a0<\/p><h4><strong>UZMAN KADRO, KAL\u0130TEL\u0130 MALZEME<\/strong><\/h4><p class=\"p1\"><strong>\u0130kinci Teknoloji,<\/strong> kalitesi ve g\u00fcvenilirli\u011fi kan\u0131tlanm\u0131\u015f olan markalarla network projeleri geli\u015ftirmektedir. Network sistemlerinin dizayn\u0131,projelendirilmesi, \u00fcr\u00fcn se\u00e7imi,konfig\u00fcrasyon ve sistemin devreye al\u0131nmas\u0131na kadar ki s\u00fcre\u00e7te uzman m\u00fchendis ekibi ile hizmet vermektedir.<\/p><p class=\"p1\">\u0130\u015fletmeler, BT yap\u0131lar\u0131nda teknolojinin g\u00fcc\u00fcnden yararlanmak ister.Bu sebeple i\u015fletmenin en temel yap\u0131lar\u0131ndan biri olan network yap\u0131s\u0131 konusunda uzman ki\u015fi ve kurumlara olan talep her ge\u00e7en g\u00fcn daha da artmaktad\u0131r.<\/p><p class=\"p1\"><strong>\u0130kinci Teknoloji,<\/strong> uzman kadrosuyla; g\u00fcvenilir, h\u0131zl\u0131, kaliteli \u00fcr\u00fcn ve hizmet anlay\u0131\u015f\u0131n\u0131 prensip edinerek, ihtiya\u00e7 duyulabilecek network kurulum ve konfig\u00fcrasyon konular\u0131nda hizmet verebilecek yetkinlik ve deneyime sahiptir.\u00a0<\/p>\t\t\t\t\t\t\t\t<\/div>\n\t\t\t\t<\/div>\n\t\t\t\t<div class=\"elementor-element elementor-element-7c3adfc elementor-icon-list--layout-traditional elementor-list-item-link-full_width elementor-widget elementor-widget-icon-list\" data-id=\"7c3adfc\" data-element_type=\"widget\" data-e-type=\"widget\" data-widget_type=\"icon-list.default\">\n\t\t\t\t<div class=\"elementor-widget-container\">\n\t\t\t\t\t\t\t<ul class=\"elementor-icon-list-items\">\n\t\t\t\t\t\t\t<li class=\"elementor-icon-list-item\">\n\t\t\t\t\t\t\t\t\t\t\t<span class=\"elementor-icon-list-icon\">\n\t\t\t\t\t\t\t<svg aria-hidden=\"true\" class=\"e-font-icon-svg e-fas-check\" viewBox=\"0 0 512 512\" xmlns=\"http:\/\/www.w3.org\/2000\/svg\"><path d=\"M173.898 439.404l-166.4-166.4c-9.997-9.997-9.997-26.206 0-36.204l36.203-36.204c9.997-9.998 26.207-9.998 36.204 0L192 312.69 432.095 72.596c9.997-9.997 26.207-9.997 36.204 0l36.203 36.204c9.997 9.997 9.997 26.206 0 36.204l-294.4 294.401c-9.998 9.997-26.207 9.997-36.204-.001z\"><\/path><\/svg>\t\t\t\t\t\t<\/span>\n\t\t\t\t\t\t\t\t\t\t<span class=\"elementor-icon-list-text\">Wide Area Network (WAN) Sistemleri Kurulumu<\/span>\n\t\t\t\t\t\t\t\t\t<\/li>\n\t\t\t\t\t\t\t\t<li class=\"elementor-icon-list-item\">\n\t\t\t\t\t\t\t\t\t\t\t<span class=\"elementor-icon-list-icon\">\n\t\t\t\t\t\t\t<svg aria-hidden=\"true\" class=\"e-font-icon-svg e-fas-check\" viewBox=\"0 0 512 512\" xmlns=\"http:\/\/www.w3.org\/2000\/svg\"><path d=\"M173.898 439.404l-166.4-166.4c-9.997-9.997-9.997-26.206 0-36.204l36.203-36.204c9.997-9.998 26.207-9.998 36.204 0L192 312.69 432.095 72.596c9.997-9.997 26.207-9.997 36.204 0l36.203 36.204c9.997 9.997 9.997 26.206 0 36.204l-294.4 294.401c-9.998 9.997-26.207 9.997-36.204-.001z\"><\/path><\/svg>\t\t\t\t\t\t<\/span>\n\t\t\t\t\t\t\t\t\t\t<span class=\"elementor-icon-list-text\">Local Area Network (LAN) Sistemleri Kurulumu<\/span>\n\t\t\t\t\t\t\t\t\t<\/li>\n\t\t\t\t\t\t\t\t<li class=\"elementor-icon-list-item\">\n\t\t\t\t\t\t\t\t\t\t\t<span class=\"elementor-icon-list-icon\">\n\t\t\t\t\t\t\t<svg aria-hidden=\"true\" class=\"e-font-icon-svg e-fas-check\" viewBox=\"0 0 512 512\" xmlns=\"http:\/\/www.w3.org\/2000\/svg\"><path d=\"M173.898 439.404l-166.4-166.4c-9.997-9.997-9.997-26.206 0-36.204l36.203-36.204c9.997-9.998 26.207-9.998 36.204 0L192 312.69 432.095 72.596c9.997-9.997 26.207-9.997 36.204 0l36.203 36.204c9.997 9.997 9.997 26.206 0 36.204l-294.4 294.401c-9.998 9.997-26.207 9.997-36.204-.001z\"><\/path><\/svg>\t\t\t\t\t\t<\/span>\n\t\t\t\t\t\t\t\t\t\t<span class=\"elementor-icon-list-text\">Yap\u0131sal Kablolama<\/span>\n\t\t\t\t\t\t\t\t\t<\/li>\n\t\t\t\t\t\t\t\t<li class=\"elementor-icon-list-item\">\n\t\t\t\t\t\t\t\t\t\t\t<span class=\"elementor-icon-list-icon\">\n\t\t\t\t\t\t\t<svg aria-hidden=\"true\" class=\"e-font-icon-svg e-fas-check\" viewBox=\"0 0 512 512\" xmlns=\"http:\/\/www.w3.org\/2000\/svg\"><path d=\"M173.898 439.404l-166.4-166.4c-9.997-9.997-9.997-26.206 0-36.204l36.203-36.204c9.997-9.998 26.207-9.998 36.204 0L192 312.69 432.095 72.596c9.997-9.997 26.207-9.997 36.204 0l36.203 36.204c9.997 9.997 9.997 26.206 0 36.204l-294.4 294.401c-9.998 9.997-26.207 9.997-36.204-.001z\"><\/path><\/svg>\t\t\t\t\t\t<\/span>\n\t\t\t\t\t\t\t\t\t\t<span class=\"elementor-icon-list-text\">\u0130nternet G\u00fcvenlik Sistemleri<\/span>\n\t\t\t\t\t\t\t\t\t<\/li>\n\t\t\t\t\t\t\t\t<li class=\"elementor-icon-list-item\">\n\t\t\t\t\t\t\t\t\t\t\t<span class=\"elementor-icon-list-icon\">\n\t\t\t\t\t\t\t<svg aria-hidden=\"true\" class=\"e-font-icon-svg e-fas-check\" viewBox=\"0 0 512 512\" xmlns=\"http:\/\/www.w3.org\/2000\/svg\"><path d=\"M173.898 439.404l-166.4-166.4c-9.997-9.997-9.997-26.206 0-36.204l36.203-36.204c9.997-9.998 26.207-9.998 36.204 0L192 312.69 432.095 72.596c9.997-9.997 26.207-9.997 36.204 0l36.203 36.204c9.997 9.997 9.997 26.206 0 36.204l-294.4 294.401c-9.998 9.997-26.207 9.997-36.204-.001z\"><\/path><\/svg>\t\t\t\t\t\t<\/span>\n\t\t\t\t\t\t\t\t\t\t<span class=\"elementor-icon-list-text\">TCP\/IP Network Tasar\u0131m\u0131<\/span>\n\t\t\t\t\t\t\t\t\t<\/li>\n\t\t\t\t\t\t\t\t<li class=\"elementor-icon-list-item\">\n\t\t\t\t\t\t\t\t\t\t\t<span class=\"elementor-icon-list-icon\">\n\t\t\t\t\t\t\t<svg aria-hidden=\"true\" class=\"e-font-icon-svg e-fas-check\" viewBox=\"0 0 512 512\" xmlns=\"http:\/\/www.w3.org\/2000\/svg\"><path d=\"M173.898 439.404l-166.4-166.4c-9.997-9.997-9.997-26.206 0-36.204l36.203-36.204c9.997-9.998 26.207-9.998 36.204 0L192 312.69 432.095 72.596c9.997-9.997 26.207-9.997 36.204 0l36.203 36.204c9.997 9.997 9.997 26.206 0 36.204l-294.4 294.401c-9.998 9.997-26.207 9.997-36.204-.001z\"><\/path><\/svg>\t\t\t\t\t\t<\/span>\n\t\t\t\t\t\t\t\t\t\t<span class=\"elementor-icon-list-text\">Destek Anla\u015fmalar\u0131 ve Out Source Hizmeti<\/span>\n\t\t\t\t\t\t\t\t\t<\/li>\n\t\t\t\t\t\t\t\t<li class=\"elementor-icon-list-item\">\n\t\t\t\t\t\t\t\t\t\t\t<span class=\"elementor-icon-list-icon\">\n\t\t\t\t\t\t\t<svg aria-hidden=\"true\" class=\"e-font-icon-svg e-fas-check\" viewBox=\"0 0 512 512\" xmlns=\"http:\/\/www.w3.org\/2000\/svg\"><path d=\"M173.898 439.404l-166.4-166.4c-9.997-9.997-9.997-26.206 0-36.204l36.203-36.204c9.997-9.998 26.207-9.998 36.204 0L192 312.69 432.095 72.596c9.997-9.997 26.207-9.997 36.204 0l36.203 36.204c9.997 9.997 9.997 26.206 0 36.204l-294.4 294.401c-9.998 9.997-26.207 9.997-36.204-.001z\"><\/path><\/svg>\t\t\t\t\t\t<\/span>\n\t\t\t\t\t\t\t\t\t\t<span class=\"elementor-icon-list-text\">G\u00fcvenlik Onar\u0131m ve Yaz\u0131l\u0131mlar\u0131<\/span>\n\t\t\t\t\t\t\t\t\t<\/li>\n\t\t\t\t\t\t<\/ul>\n\t\t\t\t\t\t<\/div>\n\t\t\t\t<\/div>\n\t\t\t\t<div class=\"elementor-element elementor-element-20f00c9 elementor-align-center elementor-widget elementor-widget-ibutton\" data-id=\"20f00c9\" data-element_type=\"widget\" data-e-type=\"widget\" data-widget_type=\"ibutton.default\">\n\t\t\t\t<div class=\"elementor-widget-container\">\n\t\t\t\t\t\t\t<div class=\"ot-button\">\r\n\t\t\t<a href=\"#\" class=\"octf-btn octf-btn-primary\">Teklif Al\u0131n<\/a>\r\n\t    <\/div>\r\n\t    \t\t\t\t<\/div>\n\t\t\t\t<\/div>\n\t\t<div class=\"elementor-element elementor-element-54cf94f e-flex e-con-boxed e-con e-child\" data-id=\"54cf94f\" data-element_type=\"container\" data-e-type=\"container\">\n\t\t\t\t\t<div class=\"e-con-inner\">\n\t\t\t\t\t<\/div>\n\t\t\t\t<\/div>\n\t\t\t\t\t<\/div>\n\t\t\t\t<\/div>\n\t\t\t\t<\/div>\n\t\t","protected":false},"excerpt":{"rendered":"<p>\u00a0 UZMAN KADRO, KAL\u0130TEL\u0130 MALZEME \u0130kinci Teknoloji, kalitesi ve g\u00fcvenilirli\u011fi kan\u0131tlanm\u0131\u015f olan markalarla network projeleri geli\u015ftirmektedir. Network sistemlerinin dizayn\u0131,projelendirilmesi, \u00fcr\u00fcn se\u00e7imi,konfig\u00fcrasyon ve sistemin devreye al\u0131nmas\u0131na kadar ki s\u00fcre\u00e7te uzman m\u00fchendis ekibi ile hizmet vermektedir. \u0130\u015fletmeler, BT yap\u0131lar\u0131nda teknolojinin g\u00fcc\u00fcnden yararlanmak ister.Bu sebeple i\u015fletmenin en temel yap\u0131lar\u0131ndan biri olan network yap\u0131s\u0131 konusunda uzman ki\u015fi ve kurumlara [&hellip;]<\/p>\n","protected":false},"author":1,"featured_media":0,"parent":0,"menu_order":0,"comment_status":"closed","ping_status":"closed","template":"","meta":{"googlesitekit_rrm_CAow5vTCDA:productID":"","footnotes":""},"class_list":["post-5504","page","type-page","status-publish","hentry"],"yoast_head":"<!-- This site is optimized with the Yoast SEO plugin v27.2 - https:\/\/yoast.com\/product\/yoast-seo-wordpress\/ -->\n<title>Network Kurulum ve Konfig\u00fcrasyon - \u0130kinci Teknoloji<\/title>\n<meta name=\"description\" content=\"\u0130kinci Teknoloji, kalitesi ve g\u00fcvenilirli\u011fi kan\u0131tlanm\u0131\u015f olan markalarla network projeleri geli\u015ftirmektedir. Network sistemlerinin dizayn\u0131,projelendirilmesi, \u00fcr\u00fcn se\u00e7imi,konfig\u00fcrasyon ve sistemin devreye al\u0131nmas\u0131na kadar ki s\u00fcre\u00e7te uzman m\u00fchendis ekibi ile hizmet vermektedir.\" \/>\n<meta name=\"robots\" content=\"index, follow, max-snippet:-1, max-image-preview:large, max-video-preview:-1\" \/>\n<link rel=\"canonical\" href=\"https:\/\/www.ikinciteknoloji.com\/index.php\/network-kurulum-ve-konfigurasyon\/\" \/>\n<meta property=\"og:locale\" content=\"tr_TR\" \/>\n<meta property=\"og:type\" content=\"article\" \/>\n<meta property=\"og:title\" content=\"Network Kurulum ve Konfig\u00fcrasyon - \u0130kinci Teknoloji\" \/>\n<meta property=\"og:description\" content=\"\u0130kinci Teknoloji, kalitesi ve g\u00fcvenilirli\u011fi kan\u0131tlanm\u0131\u015f olan markalarla network projeleri geli\u015ftirmektedir. Network sistemlerinin dizayn\u0131,projelendirilmesi, \u00fcr\u00fcn se\u00e7imi,konfig\u00fcrasyon ve sistemin devreye al\u0131nmas\u0131na kadar ki s\u00fcre\u00e7te uzman m\u00fchendis ekibi ile hizmet vermektedir.\" \/>\n<meta property=\"og:url\" content=\"https:\/\/www.ikinciteknoloji.com\/index.php\/network-kurulum-ve-konfigurasyon\/\" \/>\n<meta property=\"og:site_name\" content=\"\u0130kinci Teknoloji\" \/>\n<meta property=\"article:publisher\" content=\"https:\/\/www.facebook.com\/ikinciteknoloji\" \/>\n<meta property=\"article:modified_time\" content=\"2025-11-24T08:38:40+00:00\" \/>\n<meta name=\"twitter:card\" content=\"summary_large_image\" \/>\n<meta name=\"twitter:label1\" content=\"Tahmini okuma s\u00fcresi\" \/>\n\t<meta name=\"twitter:data1\" content=\"1 dakika\" \/>\n<script type=\"application\/ld+json\" class=\"yoast-schema-graph\">{\"@context\":\"https:\/\/schema.org\",\"@graph\":[{\"@type\":\"WebPage\",\"@id\":\"https:\/\/www.ikinciteknoloji.com\/index.php\/network-kurulum-ve-konfigurasyon\/\",\"url\":\"https:\/\/www.ikinciteknoloji.com\/index.php\/network-kurulum-ve-konfigurasyon\/\",\"name\":\"Network Kurulum ve Konfig\u00fcrasyon - \u0130kinci Teknoloji\",\"isPartOf\":{\"@id\":\"https:\/\/www.ikinciteknoloji.com\/#website\"},\"datePublished\":\"2024-02-26T12:26:01+00:00\",\"dateModified\":\"2025-11-24T08:38:40+00:00\",\"description\":\"\u0130kinci Teknoloji, kalitesi ve g\u00fcvenilirli\u011fi kan\u0131tlanm\u0131\u015f olan markalarla network projeleri geli\u015ftirmektedir. Network sistemlerinin dizayn\u0131,projelendirilmesi, \u00fcr\u00fcn se\u00e7imi,konfig\u00fcrasyon ve sistemin devreye al\u0131nmas\u0131na kadar ki s\u00fcre\u00e7te uzman m\u00fchendis ekibi ile hizmet vermektedir.\",\"breadcrumb\":{\"@id\":\"https:\/\/www.ikinciteknoloji.com\/index.php\/network-kurulum-ve-konfigurasyon\/#breadcrumb\"},\"inLanguage\":\"tr\",\"potentialAction\":[{\"@type\":\"ReadAction\",\"target\":[\"https:\/\/www.ikinciteknoloji.com\/index.php\/network-kurulum-ve-konfigurasyon\/\"]}]},{\"@type\":\"BreadcrumbList\",\"@id\":\"https:\/\/www.ikinciteknoloji.com\/index.php\/network-kurulum-ve-konfigurasyon\/#breadcrumb\",\"itemListElement\":[{\"@type\":\"ListItem\",\"position\":1,\"name\":\"Anasayfa\",\"item\":\"https:\/\/www.ikinciteknoloji.com\/\"},{\"@type\":\"ListItem\",\"position\":2,\"name\":\"Network Kurulum ve Konfig\u00fcrasyon\"}]},{\"@type\":\"WebSite\",\"@id\":\"https:\/\/www.ikinciteknoloji.com\/#website\",\"url\":\"https:\/\/www.ikinciteknoloji.com\/\",\"name\":\"\u0130kinci Teknoloji\",\"description\":\"Donan\u0131m ve Yaz\u0131l\u0131m Hizmetleri\",\"publisher\":{\"@id\":\"https:\/\/www.ikinciteknoloji.com\/#organization\"},\"potentialAction\":[{\"@type\":\"SearchAction\",\"target\":{\"@type\":\"EntryPoint\",\"urlTemplate\":\"https:\/\/www.ikinciteknoloji.com\/?s={search_term_string}\"},\"query-input\":{\"@type\":\"PropertyValueSpecification\",\"valueRequired\":true,\"valueName\":\"search_term_string\"}}],\"inLanguage\":\"tr\"},{\"@type\":\"Organization\",\"@id\":\"https:\/\/www.ikinciteknoloji.com\/#organization\",\"name\":\"\u0130kinci Teknoloji\",\"url\":\"https:\/\/www.ikinciteknoloji.com\/\",\"logo\":{\"@type\":\"ImageObject\",\"inLanguage\":\"tr\",\"@id\":\"https:\/\/www.ikinciteknoloji.com\/#\/schema\/logo\/image\/\",\"url\":\"https:\/\/www.ikinciteknoloji.com\/wp-content\/uploads\/2019\/12\/ikinci-teknoloji-2.png\",\"contentUrl\":\"https:\/\/www.ikinciteknoloji.com\/wp-content\/uploads\/2019\/12\/ikinci-teknoloji-2.png\",\"width\":4961,\"height\":3508,\"caption\":\"\u0130kinci Teknoloji\"},\"image\":{\"@id\":\"https:\/\/www.ikinciteknoloji.com\/#\/schema\/logo\/image\/\"},\"sameAs\":[\"https:\/\/www.facebook.com\/ikinciteknoloji\",\"https:\/\/www.instagram.com\/ikinciteknoloji\/\"]}]}<\/script>\n<!-- \/ Yoast SEO plugin. -->","yoast_head_json":{"title":"Network Kurulum ve Konfig\u00fcrasyon - \u0130kinci Teknoloji","description":"\u0130kinci Teknoloji, kalitesi ve g\u00fcvenilirli\u011fi kan\u0131tlanm\u0131\u015f olan markalarla network projeleri geli\u015ftirmektedir. Network sistemlerinin dizayn\u0131,projelendirilmesi, \u00fcr\u00fcn se\u00e7imi,konfig\u00fcrasyon ve sistemin devreye al\u0131nmas\u0131na kadar ki s\u00fcre\u00e7te uzman m\u00fchendis ekibi ile hizmet vermektedir.","robots":{"index":"index","follow":"follow","max-snippet":"max-snippet:-1","max-image-preview":"max-image-preview:large","max-video-preview":"max-video-preview:-1"},"canonical":"https:\/\/www.ikinciteknoloji.com\/index.php\/network-kurulum-ve-konfigurasyon\/","og_locale":"tr_TR","og_type":"article","og_title":"Network Kurulum ve Konfig\u00fcrasyon - \u0130kinci Teknoloji","og_description":"\u0130kinci Teknoloji, kalitesi ve g\u00fcvenilirli\u011fi kan\u0131tlanm\u0131\u015f olan markalarla network projeleri geli\u015ftirmektedir. Network sistemlerinin dizayn\u0131,projelendirilmesi, \u00fcr\u00fcn se\u00e7imi,konfig\u00fcrasyon ve sistemin devreye al\u0131nmas\u0131na kadar ki s\u00fcre\u00e7te uzman m\u00fchendis ekibi ile hizmet vermektedir.","og_url":"https:\/\/www.ikinciteknoloji.com\/index.php\/network-kurulum-ve-konfigurasyon\/","og_site_name":"\u0130kinci Teknoloji","article_publisher":"https:\/\/www.facebook.com\/ikinciteknoloji","article_modified_time":"2025-11-24T08:38:40+00:00","twitter_card":"summary_large_image","twitter_misc":{"Tahmini okuma s\u00fcresi":"1 dakika"},"schema":{"@context":"https:\/\/schema.org","@graph":[{"@type":"WebPage","@id":"https:\/\/www.ikinciteknoloji.com\/index.php\/network-kurulum-ve-konfigurasyon\/","url":"https:\/\/www.ikinciteknoloji.com\/index.php\/network-kurulum-ve-konfigurasyon\/","name":"Network Kurulum ve Konfig\u00fcrasyon - \u0130kinci Teknoloji","isPartOf":{"@id":"https:\/\/www.ikinciteknoloji.com\/#website"},"datePublished":"2024-02-26T12:26:01+00:00","dateModified":"2025-11-24T08:38:40+00:00","description":"\u0130kinci Teknoloji, kalitesi ve g\u00fcvenilirli\u011fi kan\u0131tlanm\u0131\u015f olan markalarla network projeleri geli\u015ftirmektedir. Network sistemlerinin dizayn\u0131,projelendirilmesi, \u00fcr\u00fcn se\u00e7imi,konfig\u00fcrasyon ve sistemin devreye al\u0131nmas\u0131na kadar ki s\u00fcre\u00e7te uzman m\u00fchendis ekibi ile hizmet vermektedir.","breadcrumb":{"@id":"https:\/\/www.ikinciteknoloji.com\/index.php\/network-kurulum-ve-konfigurasyon\/#breadcrumb"},"inLanguage":"tr","potentialAction":[{"@type":"ReadAction","target":["https:\/\/www.ikinciteknoloji.com\/index.php\/network-kurulum-ve-konfigurasyon\/"]}]},{"@type":"BreadcrumbList","@id":"https:\/\/www.ikinciteknoloji.com\/index.php\/network-kurulum-ve-konfigurasyon\/#breadcrumb","itemListElement":[{"@type":"ListItem","position":1,"name":"Anasayfa","item":"https:\/\/www.ikinciteknoloji.com\/"},{"@type":"ListItem","position":2,"name":"Network Kurulum ve Konfig\u00fcrasyon"}]},{"@type":"WebSite","@id":"https:\/\/www.ikinciteknoloji.com\/#website","url":"https:\/\/www.ikinciteknoloji.com\/","name":"\u0130kinci Teknoloji","description":"Donan\u0131m ve Yaz\u0131l\u0131m Hizmetleri","publisher":{"@id":"https:\/\/www.ikinciteknoloji.com\/#organization"},"potentialAction":[{"@type":"SearchAction","target":{"@type":"EntryPoint","urlTemplate":"https:\/\/www.ikinciteknoloji.com\/?s={search_term_string}"},"query-input":{"@type":"PropertyValueSpecification","valueRequired":true,"valueName":"search_term_string"}}],"inLanguage":"tr"},{"@type":"Organization","@id":"https:\/\/www.ikinciteknoloji.com\/#organization","name":"\u0130kinci Teknoloji","url":"https:\/\/www.ikinciteknoloji.com\/","logo":{"@type":"ImageObject","inLanguage":"tr","@id":"https:\/\/www.ikinciteknoloji.com\/#\/schema\/logo\/image\/","url":"https:\/\/www.ikinciteknoloji.com\/wp-content\/uploads\/2019\/12\/ikinci-teknoloji-2.png","contentUrl":"https:\/\/www.ikinciteknoloji.com\/wp-content\/uploads\/2019\/12\/ikinci-teknoloji-2.png","width":4961,"height":3508,"caption":"\u0130kinci Teknoloji"},"image":{"@id":"https:\/\/www.ikinciteknoloji.com\/#\/schema\/logo\/image\/"},"sameAs":["https:\/\/www.facebook.com\/ikinciteknoloji","https:\/\/www.instagram.com\/ikinciteknoloji\/"]}]}},"jetpack_sharing_enabled":true,"_links":{"self":[{"href":"https:\/\/www.ikinciteknoloji.com\/index.php\/wp-json\/wp\/v2\/pages\/5504","targetHints":{"allow":["GET"]}}],"collection":[{"href":"https:\/\/www.ikinciteknoloji.com\/index.php\/wp-json\/wp\/v2\/pages"}],"about":[{"href":"https:\/\/www.ikinciteknoloji.com\/index.php\/wp-json\/wp\/v2\/types\/page"}],"author":[{"embeddable":true,"href":"https:\/\/www.ikinciteknoloji.com\/index.php\/wp-json\/wp\/v2\/users\/1"}],"replies":[{"embeddable":true,"href":"https:\/\/www.ikinciteknoloji.com\/index.php\/wp-json\/wp\/v2\/comments?post=5504"}],"version-history":[{"count":10,"href":"https:\/\/www.ikinciteknoloji.com\/index.php\/wp-json\/wp\/v2\/pages\/5504\/revisions"}],"predecessor-version":[{"id":5515,"href":"https:\/\/www.ikinciteknoloji.com\/index.php\/wp-json\/wp\/v2\/pages\/5504\/revisions\/5515"}],"wp:attachment":[{"href":"https:\/\/www.ikinciteknoloji.com\/index.php\/wp-json\/wp\/v2\/media?parent=5504"}],"curies":[{"name":"wp","href":"https:\/\/api.w.org\/{rel}","templated":true}]}}