{"id":5611,"date":"2024-02-26T15:04:24","date_gmt":"2024-02-26T15:04:24","guid":{"rendered":"https:\/\/www.ikinciteknoloji.com\/?page_id=5611"},"modified":"2024-02-29T15:00:31","modified_gmt":"2024-02-29T15:00:31","slug":"sepetim","status":"publish","type":"page","link":"https:\/\/www.ikinciteknoloji.com\/index.php\/sepetim\/","title":{"rendered":"Sepetim"},"content":{"rendered":"\n<p><\/p>\n\n\n\n<h6 class=\"wp-block-heading has-text-align-center\"><strong>Sat\u0131n almak istedi\u011finiz \u00fcr\u00fcnlerin, Stok durumlar\u0131n\u0131 \u00f6\u011frenebilmek i\u00e7in canl\u0131 destek butonu \u00fczerinden ileti\u015fime ge\u00e7in !<\/strong><\/h6>\n\n\n\n<p>[woocommerce_cart]<\/p>\n","protected":false},"excerpt":{"rendered":"<p>Sat\u0131n almak istedi\u011finiz \u00fcr\u00fcnlerin, Stok durumlar\u0131n\u0131 \u00f6\u011frenebilmek i\u00e7in canl\u0131 destek butonu \u00fczerinden ileti\u015fime ge\u00e7in ! [woocommerce_cart]<\/p>\n","protected":false},"author":1,"featured_media":0,"parent":0,"menu_order":0,"comment_status":"closed","ping_status":"closed","template":"","meta":{"googlesitekit_rrm_CAow5vTCDA:productID":"","footnotes":""},"class_list":["post-5611","page","type-page","status-publish","hentry"],"yoast_head":"<!-- This site is optimized with the Yoast SEO plugin v27.2 - https:\/\/yoast.com\/product\/yoast-seo-wordpress\/ -->\n<title>Sepetim - \u0130kinci Teknoloji<\/title>\n<meta name=\"robots\" content=\"index, follow, max-snippet:-1, max-image-preview:large, max-video-preview:-1\" \/>\n<link rel=\"canonical\" href=\"https:\/\/www.ikinciteknoloji.com\/index.php\/sepetim\/\" \/>\n<meta property=\"og:locale\" content=\"tr_TR\" \/>\n<meta property=\"og:type\" content=\"article\" \/>\n<meta property=\"og:title\" content=\"Sepetim - \u0130kinci Teknoloji\" \/>\n<meta property=\"og:description\" content=\"Sat\u0131n almak istedi\u011finiz \u00fcr\u00fcnlerin, Stok durumlar\u0131n\u0131 \u00f6\u011frenebilmek i\u00e7in canl\u0131 destek butonu \u00fczerinden ileti\u015fime ge\u00e7in ! [woocommerce_cart]\" \/>\n<meta property=\"og:url\" content=\"https:\/\/www.ikinciteknoloji.com\/index.php\/sepetim\/\" \/>\n<meta property=\"og:site_name\" content=\"\u0130kinci Teknoloji\" \/>\n<meta property=\"article:publisher\" content=\"https:\/\/www.facebook.com\/ikinciteknoloji\" \/>\n<meta property=\"article:modified_time\" content=\"2024-02-29T15:00:31+00:00\" \/>\n<meta name=\"twitter:card\" content=\"summary_large_image\" \/>\n<meta name=\"twitter:label1\" content=\"Tahmini okuma s\u00fcresi\" \/>\n\t<meta name=\"twitter:data1\" content=\"1 dakika\" \/>\n<script type=\"application\/ld+json\" class=\"yoast-schema-graph\">{\"@context\":\"https:\/\/schema.org\",\"@graph\":[{\"@type\":\"WebPage\",\"@id\":\"https:\/\/www.ikinciteknoloji.com\/index.php\/sepetim\/\",\"url\":\"https:\/\/www.ikinciteknoloji.com\/index.php\/sepetim\/\",\"name\":\"Sepetim - \u0130kinci Teknoloji\",\"isPartOf\":{\"@id\":\"https:\/\/www.ikinciteknoloji.com\/#website\"},\"datePublished\":\"2024-02-26T15:04:24+00:00\",\"dateModified\":\"2024-02-29T15:00:31+00:00\",\"breadcrumb\":{\"@id\":\"https:\/\/www.ikinciteknoloji.com\/index.php\/sepetim\/#breadcrumb\"},\"inLanguage\":\"tr\",\"potentialAction\":[{\"@type\":\"ReadAction\",\"target\":[\"https:\/\/www.ikinciteknoloji.com\/index.php\/sepetim\/\"]}]},{\"@type\":\"BreadcrumbList\",\"@id\":\"https:\/\/www.ikinciteknoloji.com\/index.php\/sepetim\/#breadcrumb\",\"itemListElement\":[{\"@type\":\"ListItem\",\"position\":1,\"name\":\"Anasayfa\",\"item\":\"https:\/\/www.ikinciteknoloji.com\/\"},{\"@type\":\"ListItem\",\"position\":2,\"name\":\"Sepetim\"}]},{\"@type\":\"WebSite\",\"@id\":\"https:\/\/www.ikinciteknoloji.com\/#website\",\"url\":\"https:\/\/www.ikinciteknoloji.com\/\",\"name\":\"\u0130kinci Teknoloji\",\"description\":\"Donan\u0131m ve Yaz\u0131l\u0131m Hizmetleri\",\"publisher\":{\"@id\":\"https:\/\/www.ikinciteknoloji.com\/#organization\"},\"potentialAction\":[{\"@type\":\"SearchAction\",\"target\":{\"@type\":\"EntryPoint\",\"urlTemplate\":\"https:\/\/www.ikinciteknoloji.com\/?s={search_term_string}\"},\"query-input\":{\"@type\":\"PropertyValueSpecification\",\"valueRequired\":true,\"valueName\":\"search_term_string\"}}],\"inLanguage\":\"tr\"},{\"@type\":\"Organization\",\"@id\":\"https:\/\/www.ikinciteknoloji.com\/#organization\",\"name\":\"\u0130kinci Teknoloji\",\"url\":\"https:\/\/www.ikinciteknoloji.com\/\",\"logo\":{\"@type\":\"ImageObject\",\"inLanguage\":\"tr\",\"@id\":\"https:\/\/www.ikinciteknoloji.com\/#\/schema\/logo\/image\/\",\"url\":\"https:\/\/www.ikinciteknoloji.com\/wp-content\/uploads\/2019\/12\/ikinci-teknoloji-2.png\",\"contentUrl\":\"https:\/\/www.ikinciteknoloji.com\/wp-content\/uploads\/2019\/12\/ikinci-teknoloji-2.png\",\"width\":4961,\"height\":3508,\"caption\":\"\u0130kinci Teknoloji\"},\"image\":{\"@id\":\"https:\/\/www.ikinciteknoloji.com\/#\/schema\/logo\/image\/\"},\"sameAs\":[\"https:\/\/www.facebook.com\/ikinciteknoloji\",\"https:\/\/www.instagram.com\/ikinciteknoloji\/\"]}]}<\/script>\n<!-- \/ Yoast SEO plugin. -->","yoast_head_json":{"title":"Sepetim - \u0130kinci Teknoloji","robots":{"index":"index","follow":"follow","max-snippet":"max-snippet:-1","max-image-preview":"max-image-preview:large","max-video-preview":"max-video-preview:-1"},"canonical":"https:\/\/www.ikinciteknoloji.com\/index.php\/sepetim\/","og_locale":"tr_TR","og_type":"article","og_title":"Sepetim - \u0130kinci Teknoloji","og_description":"Sat\u0131n almak istedi\u011finiz \u00fcr\u00fcnlerin, Stok durumlar\u0131n\u0131 \u00f6\u011frenebilmek i\u00e7in canl\u0131 destek butonu \u00fczerinden ileti\u015fime ge\u00e7in ! [woocommerce_cart]","og_url":"https:\/\/www.ikinciteknoloji.com\/index.php\/sepetim\/","og_site_name":"\u0130kinci Teknoloji","article_publisher":"https:\/\/www.facebook.com\/ikinciteknoloji","article_modified_time":"2024-02-29T15:00:31+00:00","twitter_card":"summary_large_image","twitter_misc":{"Tahmini okuma s\u00fcresi":"1 dakika"},"schema":{"@context":"https:\/\/schema.org","@graph":[{"@type":"WebPage","@id":"https:\/\/www.ikinciteknoloji.com\/index.php\/sepetim\/","url":"https:\/\/www.ikinciteknoloji.com\/index.php\/sepetim\/","name":"Sepetim - \u0130kinci Teknoloji","isPartOf":{"@id":"https:\/\/www.ikinciteknoloji.com\/#website"},"datePublished":"2024-02-26T15:04:24+00:00","dateModified":"2024-02-29T15:00:31+00:00","breadcrumb":{"@id":"https:\/\/www.ikinciteknoloji.com\/index.php\/sepetim\/#breadcrumb"},"inLanguage":"tr","potentialAction":[{"@type":"ReadAction","target":["https:\/\/www.ikinciteknoloji.com\/index.php\/sepetim\/"]}]},{"@type":"BreadcrumbList","@id":"https:\/\/www.ikinciteknoloji.com\/index.php\/sepetim\/#breadcrumb","itemListElement":[{"@type":"ListItem","position":1,"name":"Anasayfa","item":"https:\/\/www.ikinciteknoloji.com\/"},{"@type":"ListItem","position":2,"name":"Sepetim"}]},{"@type":"WebSite","@id":"https:\/\/www.ikinciteknoloji.com\/#website","url":"https:\/\/www.ikinciteknoloji.com\/","name":"\u0130kinci Teknoloji","description":"Donan\u0131m ve Yaz\u0131l\u0131m Hizmetleri","publisher":{"@id":"https:\/\/www.ikinciteknoloji.com\/#organization"},"potentialAction":[{"@type":"SearchAction","target":{"@type":"EntryPoint","urlTemplate":"https:\/\/www.ikinciteknoloji.com\/?s={search_term_string}"},"query-input":{"@type":"PropertyValueSpecification","valueRequired":true,"valueName":"search_term_string"}}],"inLanguage":"tr"},{"@type":"Organization","@id":"https:\/\/www.ikinciteknoloji.com\/#organization","name":"\u0130kinci Teknoloji","url":"https:\/\/www.ikinciteknoloji.com\/","logo":{"@type":"ImageObject","inLanguage":"tr","@id":"https:\/\/www.ikinciteknoloji.com\/#\/schema\/logo\/image\/","url":"https:\/\/www.ikinciteknoloji.com\/wp-content\/uploads\/2019\/12\/ikinci-teknoloji-2.png","contentUrl":"https:\/\/www.ikinciteknoloji.com\/wp-content\/uploads\/2019\/12\/ikinci-teknoloji-2.png","width":4961,"height":3508,"caption":"\u0130kinci Teknoloji"},"image":{"@id":"https:\/\/www.ikinciteknoloji.com\/#\/schema\/logo\/image\/"},"sameAs":["https:\/\/www.facebook.com\/ikinciteknoloji","https:\/\/www.instagram.com\/ikinciteknoloji\/"]}]}},"jetpack_sharing_enabled":true,"_links":{"self":[{"href":"https:\/\/www.ikinciteknoloji.com\/index.php\/wp-json\/wp\/v2\/pages\/5611","targetHints":{"allow":["GET"]}}],"collection":[{"href":"https:\/\/www.ikinciteknoloji.com\/index.php\/wp-json\/wp\/v2\/pages"}],"about":[{"href":"https:\/\/www.ikinciteknoloji.com\/index.php\/wp-json\/wp\/v2\/types\/page"}],"author":[{"embeddable":true,"href":"https:\/\/www.ikinciteknoloji.com\/index.php\/wp-json\/wp\/v2\/users\/1"}],"replies":[{"embeddable":true,"href":"https:\/\/www.ikinciteknoloji.com\/index.php\/wp-json\/wp\/v2\/comments?post=5611"}],"version-history":[{"count":8,"href":"https:\/\/www.ikinciteknoloji.com\/index.php\/wp-json\/wp\/v2\/pages\/5611\/revisions"}],"predecessor-version":[{"id":5623,"href":"https:\/\/www.ikinciteknoloji.com\/index.php\/wp-json\/wp\/v2\/pages\/5611\/revisions\/5623"}],"wp:attachment":[{"href":"https:\/\/www.ikinciteknoloji.com\/index.php\/wp-json\/wp\/v2\/media?parent=5611"}],"curies":[{"name":"wp","href":"https:\/\/api.w.org\/{rel}","templated":true}]}}