{"id":5743,"date":"2024-03-17T20:49:51","date_gmt":"2024-03-17T20:49:51","guid":{"rendered":"https:\/\/www.ikinciteknoloji.com\/?page_id=5743"},"modified":"2024-03-17T20:55:50","modified_gmt":"2024-03-17T20:55:50","slug":"veri-yedekleme","status":"publish","type":"page","link":"https:\/\/www.ikinciteknoloji.com\/index.php\/veri-yedekleme\/","title":{"rendered":"Veri Yedekleme \u00c7\u00f6z\u00fcmleri"},"content":{"rendered":"\t\t<div data-elementor-type=\"wp-page\" data-elementor-id=\"5743\" class=\"elementor elementor-5743\">\n\t\t\t\t<div class=\"elementor-element elementor-element-c8d36f6 e-flex e-con-boxed e-con e-parent\" data-id=\"c8d36f6\" data-element_type=\"container\" data-e-type=\"container\">\n\t\t\t\t\t<div class=\"e-con-inner\">\n\t\t\t\t<div class=\"elementor-element elementor-element-1575c40 elementor-widget elementor-widget-heading\" data-id=\"1575c40\" data-element_type=\"widget\" data-e-type=\"widget\" data-widget_type=\"heading.default\">\n\t\t\t\t<div class=\"elementor-widget-container\">\n\t\t\t\t\t<h2 class=\"elementor-heading-title elementor-size-default\">Veri Yedekleme \u00c7\u00f6z\u00fcmleri<\/h2>\t\t\t\t<\/div>\n\t\t\t\t<\/div>\n\t\t\t\t\t<\/div>\n\t\t\t\t<\/div>\n\t\t<div class=\"elementor-element elementor-element-6ecf066 e-flex e-con-boxed e-con e-parent\" data-id=\"6ecf066\" data-element_type=\"container\" data-e-type=\"container\">\n\t\t\t\t\t<div class=\"e-con-inner\">\n\t\t\t\t<div class=\"elementor-element elementor-element-4c6f18ac elementor-widget elementor-widget-text-editor\" data-id=\"4c6f18ac\" data-element_type=\"widget\" data-e-type=\"widget\" data-widget_type=\"text-editor.default\">\n\t\t\t\t<div class=\"elementor-widget-container\">\n\t\t\t\t\t\t\t\t\t\n<p>S\u00fcrekli de\u011fi\u015fen ve geli\u015fen teknolojiler, kurum ve kurulu\u015flar\u0131n IT altyap\u0131lar\u0131n\u0131 g\u00fcvenilir bir bi\u00e7imde sa\u011flam temeller \u00fczerine kurmay\u0131 elzem k\u0131lmaktad\u0131r. \u0130kinci Teknoloji,t\u00fcm d\u00fcnyada, orta ve b\u00fcy\u00fck \u00f6l\u00e7ekli firmalarda kabul g\u00f6rm\u00fc\u015f yedekleme yaz\u0131l\u0131m \u00e7\u00f6z\u00fcmleriyle, firmalar\u0131n bilgi sistemlerine \u00a0\u00f6zg\u00fc yedekleme ve veri y\u00f6netimi stratejileri olu\u015fturarak, yedekleme \u00e7\u00f6z\u00fcmleri sunmaktad\u0131r. Yedekleme sistemlerinin kurulumu; yedeklenecek veri miktar\u0131, yedekleme s\u0131kl\u0131\u011f\u0131, yedeklenen verinin zaman i\u00e7erisinde de\u011fi\u015fme oran\u0131 ve maksimum veri kayb\u0131 gibi parametrelere ba\u011fl\u0131d\u0131r. Bu sistemlerin, birden fazla sunucunun e\u015f zamanl\u0131 yedekleme i\u015flemini yapabilmesi, i\u015fletim sistemlerinin kay\u0131t dosyalar\u0131n\u0131 tam ve e\u015f zamanl\u0131 olarak yedekleyebilmesi ve i\u015fletim sistemleri \u00fczerinde \u00e7al\u0131\u015fan veritaban\u0131 uygulamalar\u0131n\u0131n yedeklerini sistem kapat\u0131lmadan alabilmesi gerekmektedir. \u0130kinci Teknoloji, t\u00fcm risk analizlerini yaparak, veri yedekleme \u00e7\u00f6z\u00fcm\u00fc \u00fcretmekte ve ya\u015fanabilecek d\u0131\u015f kaynakl\u0131 sorunlar\u0131 en aza indirgemektedir.<\/p>\n\t\t\t\t\t\t\t\t<\/div>\n\t\t\t\t<\/div>\n\t\t\t\t\t<\/div>\n\t\t\t\t<\/div>\n\t\t<div class=\"elementor-element elementor-element-d740696 e-flex e-con-boxed e-con e-parent\" data-id=\"d740696\" data-element_type=\"container\" data-e-type=\"container\">\n\t\t\t\t\t<div class=\"e-con-inner\">\n\t\t\t\t<div class=\"elementor-element elementor-element-88c1eb8 elementor-widget elementor-widget-heading\" data-id=\"88c1eb8\" data-element_type=\"widget\" data-e-type=\"widget\" data-widget_type=\"heading.default\">\n\t\t\t\t<div class=\"elementor-widget-container\">\n\t\t\t\t\t<h5 class=\"elementor-heading-title elementor-size-default\">Veri Yedekleme Yaz\u0131l\u0131mlar\u0131<\/h5>\t\t\t\t<\/div>\n\t\t\t\t<\/div>\n\t\t\t\t\t<\/div>\n\t\t\t\t<\/div>\n\t\t<div class=\"elementor-element elementor-element-1d11d02 e-flex e-con-boxed e-con e-parent\" data-id=\"1d11d02\" data-element_type=\"container\" data-e-type=\"container\">\n\t\t\t\t\t<div class=\"e-con-inner\">\n\t\t\t\t<div class=\"elementor-element elementor-element-e079571 elementor-widget elementor-widget-text-editor\" data-id=\"e079571\" data-element_type=\"widget\" data-e-type=\"widget\" data-widget_type=\"text-editor.default\">\n\t\t\t\t<div class=\"elementor-widget-container\">\n\t\t\t\t\t\t\t\t\t<div class=\"tatsu-section-pad clearfix\" data-padding=\"{&quot;d&quot;:&quot;50px 0px 50px 0px&quot;,&quot;m&quot;:&quot;0px 20px 0px 20px&quot;,&quot;t&quot;:&quot;0px 20px 0px 20px&quot;}\" data-padding-top=\"0px\">\n<div class=\"tatsu-row-wrap  tatsu-wrap tatsu-row-has-two-cols tatsu-medium-gutter tatsu-reg-cols  tatsu-clearfix tatsu-GnxXp34ioG\">\n<div class=\"tatsu-row \">\n<div class=\"tatsu-column  tatsu-column-no-bg tatsu-two-third tatsu-column-image-none tatsu-column-effect-none  tatsu-YhAX7QXpn\" data-parallax-speed=\"0\">\n<div class=\"tatsu-column-inner \">\n<div class=\"tatsu-column-pad-wrap\">\n<div class=\"tatsu-column-pad\">\n<div class=\"tatsu-module tatsu-text-block-wrap tatsu-Hy9FQbNaE  \">\n<div class=\"tatsu-text-inner tatsu-align-center  clearfix\">\n<div class=\"tatsu-section-pad clearfix\" data-padding=\"{&quot;d&quot;:&quot;50px 0px 50px 0px&quot;,&quot;m&quot;:&quot;0px 20px 0px 20px&quot;,&quot;t&quot;:&quot;0px 20px 0px 20px&quot;}\" data-padding-top=\"0px\">\n<div class=\"tatsu-row-wrap  tatsu-wrap tatsu-row-has-two-cols tatsu-medium-gutter tatsu-reg-cols  tatsu-clearfix tatsu-GnxXp34ioG\">\n<div class=\"tatsu-row \">\n<div class=\"tatsu-column  tatsu-column-no-bg tatsu-two-third tatsu-column-image-none tatsu-column-effect-none  tatsu-YhAX7QXpn\" data-parallax-speed=\"0\">\n<div class=\"tatsu-column-inner \">\n<div class=\"tatsu-column-pad-wrap\">\n<div class=\"tatsu-column-pad\">\n<div class=\"tatsu-module tatsu-text-block-wrap tatsu-Hy9FQbNaE  \">\n<div class=\"tatsu-text-inner tatsu-align-center  clearfix\">\n<p class=\"p1\">Firmalar i\u00e7in \u00e7ok b\u00fcy\u00fck \u00f6nem arz eden verilerin sa\u011fl\u0131kl\u0131 ve g\u00fcvenli bir \u015fekilde saklanmas\u0131, ortaya \u00e7\u0131kabilecek bir problem durumunda; gizlilik derecesi y\u00fcksek veya hayati \u00f6neme sahip verilerin kaybolmas\u0131na neden olabilmektedir. Herhangi bir nedenle zarar g\u00f6ren veriler, firmalar\u0131n \u00e7al\u0131\u015fma s\u00fcre\u00e7lerinde ciddi zararlara yol a\u00e7abilmektedir. Bu nedenle kurumsal ve ticari firmalar\u0131n, bu konuya daha hassas yakla\u015fmas\u0131 gerekir.<\/p>\n<p class=\"p1\">\u0130kinci Teknoloji, olas\u0131 bir veri kayb\u0131 durumunda, veriye en h\u0131zl\u0131 ve g\u00fcvenli bir \u015fekilde ula\u015fabilmeye imkan sa\u011flayan depolama ve yedekleme \u00e7\u00f6z\u00fcmleri sunmaktad\u0131r.<\/p>\n<\/div>\n<\/div>\n<\/div>\n<\/div>\n<div class=\"tatsu-column-bg-image-wrap\">\n<div class=\"tatsu-column-bg-image tatsu-bg-lazyload tatsu-bg-lazyloaded\" data-src=\"\">\u00a0<\/div>\n<\/div>\n<\/div>\n<\/div>\n<div class=\"tatsu-column  tatsu-one-third tatsu-hide-tablet tatsu-column-image-none tatsu-column-effect-none  tatsu-ps9fUQHFnX\" data-parallax-speed=\"0\">\n<div class=\"tatsu-column-inner \">\n<div class=\"tatsu-column-pad-wrap\">\n<div class=\"tatsu-column-pad\">\n<div class=\"tatsu-single-image tatsu-module align-center tatsu-image-lazyload tatsu-Hk6nmWi24  \">\n<div class=\"tatsu-single-image-inner \">\n<div class=\"tatsu-single-image-padding-wrap\">\u00a0<\/div>\n<\/div>\n<\/div>\n<\/div>\n<\/div>\n<div class=\"tatsu-column-bg-image-wrap\">\n<div class=\"tatsu-column-bg-image tatsu-bg-lazyload tatsu-bg-lazyloaded\" data-src=\"\">\u00a0<\/div>\n<\/div>\n<\/div>\n<\/div>\n<\/div>\n<\/div>\n<\/div>\n<div class=\"tatsu-section-background-wrap\">\u00a0<\/div>\n<\/div>\n<\/div>\n<\/div>\n<\/div>\n<\/div>\n<\/div>\n<\/div>\n<\/div>\n<\/div>\t\t\t\t\t\t\t\t<\/div>\n\t\t\t\t<\/div>\n\t\t\t\t\t<\/div>\n\t\t\t\t<\/div>\n\t\t\t\t<\/div>\n\t\t","protected":false},"excerpt":{"rendered":"<p>Veri Yedekleme \u00c7\u00f6z\u00fcmleri S\u00fcrekli de\u011fi\u015fen ve geli\u015fen teknolojiler, kurum ve kurulu\u015flar\u0131n IT altyap\u0131lar\u0131n\u0131 g\u00fcvenilir bir bi\u00e7imde sa\u011flam temeller \u00fczerine kurmay\u0131 elzem k\u0131lmaktad\u0131r. \u0130kinci Teknoloji,t\u00fcm d\u00fcnyada, orta ve b\u00fcy\u00fck \u00f6l\u00e7ekli firmalarda kabul g\u00f6rm\u00fc\u015f yedekleme yaz\u0131l\u0131m \u00e7\u00f6z\u00fcmleriyle, firmalar\u0131n bilgi sistemlerine \u00a0\u00f6zg\u00fc yedekleme ve veri y\u00f6netimi stratejileri olu\u015fturarak, yedekleme \u00e7\u00f6z\u00fcmleri sunmaktad\u0131r. Yedekleme sistemlerinin kurulumu; yedeklenecek veri miktar\u0131, yedekleme [&hellip;]<\/p>\n","protected":false},"author":1,"featured_media":0,"parent":0,"menu_order":0,"comment_status":"closed","ping_status":"closed","template":"","meta":{"googlesitekit_rrm_CAow5vTCDA:productID":"","footnotes":""},"class_list":["post-5743","page","type-page","status-publish","hentry"],"yoast_head":"<!-- This site is optimized with the Yoast SEO plugin v27.2 - https:\/\/yoast.com\/product\/yoast-seo-wordpress\/ -->\n<title>Veri Yedekleme \u00c7\u00f6z\u00fcmleri - \u0130kinci Teknoloji<\/title>\n<meta name=\"description\" content=\"S\u00fcrekli de\u011fi\u015fen ve geli\u015fen teknolojiler, kurum ve kurulu\u015flar\u0131n IT altyap\u0131lar\u0131n\u0131 g\u00fcvenilir bir bi\u00e7imde sa\u011flam temeller \u00fczerine kurmay\u0131 elzem k\u0131lmaktad\u0131r.\" \/>\n<meta name=\"robots\" content=\"index, follow, max-snippet:-1, max-image-preview:large, max-video-preview:-1\" \/>\n<link rel=\"canonical\" href=\"https:\/\/www.ikinciteknoloji.com\/index.php\/veri-yedekleme\/\" \/>\n<meta property=\"og:locale\" content=\"tr_TR\" \/>\n<meta property=\"og:type\" content=\"article\" \/>\n<meta property=\"og:title\" content=\"Veri Yedekleme \u00c7\u00f6z\u00fcmleri - \u0130kinci Teknoloji\" \/>\n<meta property=\"og:description\" content=\"S\u00fcrekli de\u011fi\u015fen ve geli\u015fen teknolojiler, kurum ve kurulu\u015flar\u0131n IT altyap\u0131lar\u0131n\u0131 g\u00fcvenilir bir bi\u00e7imde sa\u011flam temeller \u00fczerine kurmay\u0131 elzem k\u0131lmaktad\u0131r.\" \/>\n<meta property=\"og:url\" content=\"https:\/\/www.ikinciteknoloji.com\/index.php\/veri-yedekleme\/\" \/>\n<meta property=\"og:site_name\" content=\"\u0130kinci Teknoloji\" \/>\n<meta property=\"article:publisher\" content=\"https:\/\/www.facebook.com\/ikinciteknoloji\" \/>\n<meta property=\"article:modified_time\" content=\"2024-03-17T20:55:50+00:00\" \/>\n<meta name=\"twitter:card\" content=\"summary_large_image\" \/>\n<meta name=\"twitter:label1\" content=\"Tahmini okuma s\u00fcresi\" \/>\n\t<meta name=\"twitter:data1\" content=\"2 dakika\" \/>\n<script type=\"application\/ld+json\" class=\"yoast-schema-graph\">{\"@context\":\"https:\/\/schema.org\",\"@graph\":[{\"@type\":\"WebPage\",\"@id\":\"https:\/\/www.ikinciteknoloji.com\/index.php\/veri-yedekleme\/\",\"url\":\"https:\/\/www.ikinciteknoloji.com\/index.php\/veri-yedekleme\/\",\"name\":\"Veri Yedekleme \u00c7\u00f6z\u00fcmleri - \u0130kinci Teknoloji\",\"isPartOf\":{\"@id\":\"https:\/\/www.ikinciteknoloji.com\/#website\"},\"datePublished\":\"2024-03-17T20:49:51+00:00\",\"dateModified\":\"2024-03-17T20:55:50+00:00\",\"description\":\"S\u00fcrekli de\u011fi\u015fen ve geli\u015fen teknolojiler, kurum ve kurulu\u015flar\u0131n IT altyap\u0131lar\u0131n\u0131 g\u00fcvenilir bir bi\u00e7imde sa\u011flam temeller \u00fczerine kurmay\u0131 elzem k\u0131lmaktad\u0131r.\",\"breadcrumb\":{\"@id\":\"https:\/\/www.ikinciteknoloji.com\/index.php\/veri-yedekleme\/#breadcrumb\"},\"inLanguage\":\"tr\",\"potentialAction\":[{\"@type\":\"ReadAction\",\"target\":[\"https:\/\/www.ikinciteknoloji.com\/index.php\/veri-yedekleme\/\"]}]},{\"@type\":\"BreadcrumbList\",\"@id\":\"https:\/\/www.ikinciteknoloji.com\/index.php\/veri-yedekleme\/#breadcrumb\",\"itemListElement\":[{\"@type\":\"ListItem\",\"position\":1,\"name\":\"Anasayfa\",\"item\":\"https:\/\/www.ikinciteknoloji.com\/\"},{\"@type\":\"ListItem\",\"position\":2,\"name\":\"Veri Yedekleme \u00c7\u00f6z\u00fcmleri\"}]},{\"@type\":\"WebSite\",\"@id\":\"https:\/\/www.ikinciteknoloji.com\/#website\",\"url\":\"https:\/\/www.ikinciteknoloji.com\/\",\"name\":\"\u0130kinci Teknoloji\",\"description\":\"Donan\u0131m ve Yaz\u0131l\u0131m Hizmetleri\",\"publisher\":{\"@id\":\"https:\/\/www.ikinciteknoloji.com\/#organization\"},\"potentialAction\":[{\"@type\":\"SearchAction\",\"target\":{\"@type\":\"EntryPoint\",\"urlTemplate\":\"https:\/\/www.ikinciteknoloji.com\/?s={search_term_string}\"},\"query-input\":{\"@type\":\"PropertyValueSpecification\",\"valueRequired\":true,\"valueName\":\"search_term_string\"}}],\"inLanguage\":\"tr\"},{\"@type\":\"Organization\",\"@id\":\"https:\/\/www.ikinciteknoloji.com\/#organization\",\"name\":\"\u0130kinci Teknoloji\",\"url\":\"https:\/\/www.ikinciteknoloji.com\/\",\"logo\":{\"@type\":\"ImageObject\",\"inLanguage\":\"tr\",\"@id\":\"https:\/\/www.ikinciteknoloji.com\/#\/schema\/logo\/image\/\",\"url\":\"https:\/\/www.ikinciteknoloji.com\/wp-content\/uploads\/2019\/12\/ikinci-teknoloji-2.png\",\"contentUrl\":\"https:\/\/www.ikinciteknoloji.com\/wp-content\/uploads\/2019\/12\/ikinci-teknoloji-2.png\",\"width\":4961,\"height\":3508,\"caption\":\"\u0130kinci Teknoloji\"},\"image\":{\"@id\":\"https:\/\/www.ikinciteknoloji.com\/#\/schema\/logo\/image\/\"},\"sameAs\":[\"https:\/\/www.facebook.com\/ikinciteknoloji\",\"https:\/\/www.instagram.com\/ikinciteknoloji\/\"]}]}<\/script>\n<!-- \/ Yoast SEO plugin. -->","yoast_head_json":{"title":"Veri Yedekleme \u00c7\u00f6z\u00fcmleri - \u0130kinci Teknoloji","description":"S\u00fcrekli de\u011fi\u015fen ve geli\u015fen teknolojiler, kurum ve kurulu\u015flar\u0131n IT altyap\u0131lar\u0131n\u0131 g\u00fcvenilir bir bi\u00e7imde sa\u011flam temeller \u00fczerine kurmay\u0131 elzem k\u0131lmaktad\u0131r.","robots":{"index":"index","follow":"follow","max-snippet":"max-snippet:-1","max-image-preview":"max-image-preview:large","max-video-preview":"max-video-preview:-1"},"canonical":"https:\/\/www.ikinciteknoloji.com\/index.php\/veri-yedekleme\/","og_locale":"tr_TR","og_type":"article","og_title":"Veri Yedekleme \u00c7\u00f6z\u00fcmleri - \u0130kinci Teknoloji","og_description":"S\u00fcrekli de\u011fi\u015fen ve geli\u015fen teknolojiler, kurum ve kurulu\u015flar\u0131n IT altyap\u0131lar\u0131n\u0131 g\u00fcvenilir bir bi\u00e7imde sa\u011flam temeller \u00fczerine kurmay\u0131 elzem k\u0131lmaktad\u0131r.","og_url":"https:\/\/www.ikinciteknoloji.com\/index.php\/veri-yedekleme\/","og_site_name":"\u0130kinci Teknoloji","article_publisher":"https:\/\/www.facebook.com\/ikinciteknoloji","article_modified_time":"2024-03-17T20:55:50+00:00","twitter_card":"summary_large_image","twitter_misc":{"Tahmini okuma s\u00fcresi":"2 dakika"},"schema":{"@context":"https:\/\/schema.org","@graph":[{"@type":"WebPage","@id":"https:\/\/www.ikinciteknoloji.com\/index.php\/veri-yedekleme\/","url":"https:\/\/www.ikinciteknoloji.com\/index.php\/veri-yedekleme\/","name":"Veri Yedekleme \u00c7\u00f6z\u00fcmleri - \u0130kinci Teknoloji","isPartOf":{"@id":"https:\/\/www.ikinciteknoloji.com\/#website"},"datePublished":"2024-03-17T20:49:51+00:00","dateModified":"2024-03-17T20:55:50+00:00","description":"S\u00fcrekli de\u011fi\u015fen ve geli\u015fen teknolojiler, kurum ve kurulu\u015flar\u0131n IT altyap\u0131lar\u0131n\u0131 g\u00fcvenilir bir bi\u00e7imde sa\u011flam temeller \u00fczerine kurmay\u0131 elzem k\u0131lmaktad\u0131r.","breadcrumb":{"@id":"https:\/\/www.ikinciteknoloji.com\/index.php\/veri-yedekleme\/#breadcrumb"},"inLanguage":"tr","potentialAction":[{"@type":"ReadAction","target":["https:\/\/www.ikinciteknoloji.com\/index.php\/veri-yedekleme\/"]}]},{"@type":"BreadcrumbList","@id":"https:\/\/www.ikinciteknoloji.com\/index.php\/veri-yedekleme\/#breadcrumb","itemListElement":[{"@type":"ListItem","position":1,"name":"Anasayfa","item":"https:\/\/www.ikinciteknoloji.com\/"},{"@type":"ListItem","position":2,"name":"Veri Yedekleme \u00c7\u00f6z\u00fcmleri"}]},{"@type":"WebSite","@id":"https:\/\/www.ikinciteknoloji.com\/#website","url":"https:\/\/www.ikinciteknoloji.com\/","name":"\u0130kinci Teknoloji","description":"Donan\u0131m ve Yaz\u0131l\u0131m Hizmetleri","publisher":{"@id":"https:\/\/www.ikinciteknoloji.com\/#organization"},"potentialAction":[{"@type":"SearchAction","target":{"@type":"EntryPoint","urlTemplate":"https:\/\/www.ikinciteknoloji.com\/?s={search_term_string}"},"query-input":{"@type":"PropertyValueSpecification","valueRequired":true,"valueName":"search_term_string"}}],"inLanguage":"tr"},{"@type":"Organization","@id":"https:\/\/www.ikinciteknoloji.com\/#organization","name":"\u0130kinci Teknoloji","url":"https:\/\/www.ikinciteknoloji.com\/","logo":{"@type":"ImageObject","inLanguage":"tr","@id":"https:\/\/www.ikinciteknoloji.com\/#\/schema\/logo\/image\/","url":"https:\/\/www.ikinciteknoloji.com\/wp-content\/uploads\/2019\/12\/ikinci-teknoloji-2.png","contentUrl":"https:\/\/www.ikinciteknoloji.com\/wp-content\/uploads\/2019\/12\/ikinci-teknoloji-2.png","width":4961,"height":3508,"caption":"\u0130kinci Teknoloji"},"image":{"@id":"https:\/\/www.ikinciteknoloji.com\/#\/schema\/logo\/image\/"},"sameAs":["https:\/\/www.facebook.com\/ikinciteknoloji","https:\/\/www.instagram.com\/ikinciteknoloji\/"]}]}},"jetpack_sharing_enabled":true,"_links":{"self":[{"href":"https:\/\/www.ikinciteknoloji.com\/index.php\/wp-json\/wp\/v2\/pages\/5743","targetHints":{"allow":["GET"]}}],"collection":[{"href":"https:\/\/www.ikinciteknoloji.com\/index.php\/wp-json\/wp\/v2\/pages"}],"about":[{"href":"https:\/\/www.ikinciteknoloji.com\/index.php\/wp-json\/wp\/v2\/types\/page"}],"author":[{"embeddable":true,"href":"https:\/\/www.ikinciteknoloji.com\/index.php\/wp-json\/wp\/v2\/users\/1"}],"replies":[{"embeddable":true,"href":"https:\/\/www.ikinciteknoloji.com\/index.php\/wp-json\/wp\/v2\/comments?post=5743"}],"version-history":[{"count":7,"href":"https:\/\/www.ikinciteknoloji.com\/index.php\/wp-json\/wp\/v2\/pages\/5743\/revisions"}],"predecessor-version":[{"id":5754,"href":"https:\/\/www.ikinciteknoloji.com\/index.php\/wp-json\/wp\/v2\/pages\/5743\/revisions\/5754"}],"wp:attachment":[{"href":"https:\/\/www.ikinciteknoloji.com\/index.php\/wp-json\/wp\/v2\/media?parent=5743"}],"curies":[{"name":"wp","href":"https:\/\/api.w.org\/{rel}","templated":true}]}}